{"id":10,"date":"2016-07-26T15:53:50","date_gmt":"2016-07-26T13:53:50","guid":{"rendered":"http:\/\/webredox.net\/demo\/wp\/firenze\/?page_id=10"},"modified":"2025-02-27T13:58:35","modified_gmt":"2025-02-27T12:58:35","slug":"azienda","status":"publish","type":"page","link":"https:\/\/www.studio66online.it\/fr\/agence\/","title":{"rendered":"Maison"},"content":{"rendered":"<div class=\"wpb-content-wrapper\"><div class=\"vc_row wpb_row vc_row-fluid\"><div class=\"wpb_column vc_column_container vc_col-sm-12\"><div class=\"vc_column-inner\"><div class=\"wpb_wrapper\">\n\t<div class=\"wpb_text_column wpb_content_element\" >\n\t\t<div class=\"wpb_wrapper\">\n\t\t\t<h1 style=\"text-align: center;\">Studio 66 Ext\u00e9rieure Cr\u00e9ations<\/h1>\n<p style=\"text-align: center;\">La conception, la Production et l&#039;Installation de Pergolas Bioclimatiques<\/p>\n\n\t\t<\/div>\n\t<\/div>\n<div class=\"vc_row wpb_row vc_inner vc_row-fluid padding-laterale vc_custom_1649079602694\"><div class=\"wpb_column vc_column_container vc_col-sm-6\"><div class=\"vc_column-inner\"><div class=\"wpb_wrapper\">\n\t<div class=\"wpb_text_column wpb_content_element\" >\n\t\t<div class=\"wpb_wrapper\">\n\t\t\t<div class=\"storia\">\n<h4 style=\"text-align: left; font-size: 24px!important; margin-bottom: 20px;\">1993<\/h4>\n<h3 style=\"text-align: left; font-size: 42px!important;\">Fondation<\/h3>\n<p>Apr\u00e8s avoir acquis une exp\u00e9rience commerciale dans le domaine des syst\u00e8mes de protection solaire et du mobilier d\u2019ext\u00e9rieur, Lucio Carraro a fond\u00e9 Studio66 en 1993, une entreprise qui est devenue en quelques ann\u00e9es un leader du secteur de l\u2019outdoor, en produisant les premi\u00e8res pergolas bioclimatiques en 2008.<\/p>\n<\/div>\n\n\t\t<\/div>\n\t<\/div>\n<\/div><\/div><\/div><div class=\"wpb_column vc_column_container vc_col-sm-6\"><div class=\"vc_column-inner\"><div class=\"wpb_wrapper\">\n\t<div  class=\"wpb_single_image wpb_content_element vc_align_left\">\n\t\t\n\t\t<figure class=\"wpb_wrapper vc_figure\">\n\t\t\t<div class=\"vc_single_image-wrapper   vc_box_border_grey\"><img loading=\"lazy\" decoding=\"async\" width=\"1000\" height=\"650\" src=\"https:\/\/www.studio66online.it\/wp-content\/uploads\/2022\/08\/Studio66_azienda_uffici_red.jpg\" class=\"vc_single_image-img attachment-large\" alt=\"\" title=\"Studio66_azienda_uffici_red\" srcset=\"https:\/\/www.studio66online.it\/wp-content\/uploads\/2022\/08\/Studio66_azienda_uffici_red.jpg 1000w, https:\/\/www.studio66online.it\/wp-content\/uploads\/2022\/08\/Studio66_azienda_uffici_red-300x195.jpg 300w, https:\/\/www.studio66online.it\/wp-content\/uploads\/2022\/08\/Studio66_azienda_uffici_red-768x499.jpg 768w\" sizes=\"auto, (max-width: 1000px) 100vw, 1000px\"  data-dt-location=\"https:\/\/www.studio66online.it\/fr\/agence\/studio66_azienda_uffici_red\/\" \/><\/div>\n\t\t<\/figure>\n\t<\/div>\n<\/div><\/div><\/div><\/div><\/div><\/div><\/div><\/div><div class=\"vc_row wpb_row vc_row-fluid\"><div class=\"wpb_column vc_column_container vc_col-sm-12\"><div class=\"vc_column-inner\"><div class=\"wpb_wrapper\"><div class=\"vc_row wpb_row vc_inner vc_row-fluid padding-laterale vc_custom_1649079602694\"><div class=\"wpb_column vc_column_container vc_col-sm-6\"><div class=\"vc_column-inner\"><div class=\"wpb_wrapper\">\n\t<div  class=\"wpb_single_image wpb_content_element vc_align_left\">\n\t\t\n\t\t<figure class=\"wpb_wrapper vc_figure\">\n\t\t\t<div class=\"vc_single_image-wrapper   vc_box_border_grey\"><img loading=\"lazy\" decoding=\"async\" width=\"1000\" height=\"650\" src=\"https:\/\/www.studio66online.it\/wp-content\/uploads\/2022\/08\/Studio66_azienda_villa_fini_red.jpg\" class=\"vc_single_image-img attachment-large\" alt=\"\" title=\"Studio66_azienda_villa_fini_red\" srcset=\"https:\/\/www.studio66online.it\/wp-content\/uploads\/2022\/08\/Studio66_azienda_villa_fini_red.jpg 1000w, https:\/\/www.studio66online.it\/wp-content\/uploads\/2022\/08\/Studio66_azienda_villa_fini_red-300x195.jpg 300w, https:\/\/www.studio66online.it\/wp-content\/uploads\/2022\/08\/Studio66_azienda_villa_fini_red-768x499.jpg 768w\" sizes=\"auto, (max-width: 1000px) 100vw, 1000px\"  data-dt-location=\"https:\/\/www.studio66online.it\/fr\/agence\/studio66_azienda_villa_fini_red\/\" \/><\/div>\n\t\t<\/figure>\n\t<\/div>\n<\/div><\/div><\/div><div class=\"wpb_column vc_column_container vc_col-sm-6\"><div class=\"vc_column-inner\"><div class=\"wpb_wrapper\">\n\t<div class=\"wpb_text_column wpb_content_element\" >\n\t\t<div class=\"wpb_wrapper\">\n\t\t\t<div class=\"storia destra_storia\">\n<h4 style=\"text-align: left; font-size: 24px!important; margin-bottom: 20px;\">2008<\/h4>\n<h3 style=\"text-align: left; font-size: 42px!important;\">Bureau d\u2019\u00e9tudes<\/h3>\n<p>Dans le si\u00e8ge de la Villa des Fins de Limena (PD) est structur\u00e9 dans le temps, un technicien de l&#039;\u00e9quipe compos\u00e9e d&#039;architectes et d&#039;ing\u00e9nieurs, qui, outre le d\u00e9veloppement de nouveaux produits, le client dans la mise en \u0153uvre de votre projet.<\/p>\n<\/div>\n\n\t\t<\/div>\n\t<\/div>\n<\/div><\/div><\/div><\/div><\/div><\/div><\/div><\/div><div class=\"vc_row wpb_row vc_row-fluid\"><div class=\"wpb_column vc_column_container vc_col-sm-12\"><div class=\"vc_column-inner\"><div class=\"wpb_wrapper\"><div class=\"vc_row wpb_row vc_inner vc_row-fluid padding-laterale vc_custom_1649079602694\"><div class=\"wpb_column vc_column_container vc_col-sm-6\"><div class=\"vc_column-inner\"><div class=\"wpb_wrapper\">\n\t<div class=\"wpb_text_column wpb_content_element\" >\n\t\t<div class=\"wpb_wrapper\">\n\t\t\t<div class=\"storia\">\n<h4 style=\"text-align: left; font-size: 24px!important; margin-bottom: 20px;\">2008<\/h4>\n<h3 style=\"text-align: left; font-size: 42px!important;\">Production de pergolas bioclimatiques<\/h3>\n<p>En 2008, l\u2019entreprise s\u2019est lanc\u00e9e dans la production, menant de front la conception et la fabrication, ce qui lui permet de contr\u00f4ler la totalit\u00e9 des op\u00e9rations jusqu\u2019\u00e0 la mise en \u0153uvre du produit final.<\/p>\n<p><a href=\"https:\/\/www.studio66online.it\/fr\/realisations\/\">Nos r\u00e9alisations\u00a0<\/a><\/p>\n<\/div>\n\n\t\t<\/div>\n\t<\/div>\n<\/div><\/div><\/div><div class=\"wpb_column vc_column_container vc_col-sm-6\"><div class=\"vc_column-inner\"><div class=\"wpb_wrapper\">\n\t<div  class=\"wpb_single_image wpb_content_element vc_align_left\">\n\t\t\n\t\t<figure class=\"wpb_wrapper vc_figure\">\n\t\t\t<div class=\"vc_single_image-wrapper   vc_box_border_grey\"><img loading=\"lazy\" decoding=\"async\" width=\"1000\" height=\"650\" src=\"https:\/\/www.studio66online.it\/wp-content\/uploads\/2022\/08\/Studio66_azienda_produzione_red.jpg\" class=\"vc_single_image-img attachment-large\" alt=\"\" title=\"Studio66_azienda_produzione_red\" srcset=\"https:\/\/www.studio66online.it\/wp-content\/uploads\/2022\/08\/Studio66_azienda_produzione_red.jpg 1000w, https:\/\/www.studio66online.it\/wp-content\/uploads\/2022\/08\/Studio66_azienda_produzione_red-300x195.jpg 300w, https:\/\/www.studio66online.it\/wp-content\/uploads\/2022\/08\/Studio66_azienda_produzione_red-768x499.jpg 768w\" sizes=\"auto, (max-width: 1000px) 100vw, 1000px\"  data-dt-location=\"https:\/\/www.studio66online.it\/fr\/agence\/studio66_azienda_produzione_red\/\" \/><\/div>\n\t\t<\/figure>\n\t<\/div>\n<\/div><\/div><\/div><\/div><\/div><\/div><\/div><\/div><div class=\"vc_row wpb_row vc_row-fluid vc_custom_1649949400390\"><div class=\"wpb_column vc_column_container vc_col-sm-12\"><div class=\"vc_column-inner\"><div class=\"wpb_wrapper\"><div class=\"vc_row wpb_row vc_inner vc_row-fluid padding-laterale vc_custom_1649079602694\"><div class=\"wpb_column vc_column_container vc_col-sm-2\"><div class=\"vc_column-inner\"><div class=\"wpb_wrapper\"><\/div><\/div><\/div><div class=\"wpb_column vc_column_container vc_col-sm-8\"><div class=\"vc_column-inner\"><div class=\"wpb_wrapper\">\n\t<div class=\"wpb_text_column wpb_content_element\" >\n\t\t<div class=\"wpb_wrapper\">\n\t\t\t<div class=\"storia centro_storia\">\n<h2 style=\"text-align: center;\">Mission<\/h2>\n<p>Studio66 est constamment engag\u00e9e dans la recherche et le d\u00e9veloppement de nouvelles solutions de design pour l&#039;ext\u00e9rieur, afin d&#039;offrir \u00e0 ses clients des produits innovants pour la vie en plein air.<\/p>\n<p style=\"text-align: center;\"><a href=\"https:\/\/www.studio66online.it\/fr\/contacts\/\">Contacts<\/a><\/p>\n<\/div>\n\n\t\t<\/div>\n\t<\/div>\n<\/div><\/div><\/div><div class=\"wpb_column vc_column_container vc_col-sm-2\"><div class=\"vc_column-inner\"><div class=\"wpb_wrapper\"><\/div><\/div><\/div><\/div><\/div><\/div><\/div><\/div>\n<\/div>","protected":false},"excerpt":{"rendered":"<p>Studio 66 Outdoor Creations Progettazione, Produzione e Installazione di Pergole Bioclimatiche 1993 Fondazione Dopo l\u2019esperienza commerciale maturata nell\u2019ambito delle protezioni solari e dell\u2019arredo outdoor, Lucio Carraro fonda nel 1993 Studio66, azienda che dopo alcuni anni diviene leader nel settore outdoor, producendo nel 2008 le prime pergole bioclimatiche. 2008 Ufficio Tecnico Nella sede di Villa Fini&hellip;<\/p>","protected":false},"author":2,"featured_media":0,"parent":0,"menu_order":0,"comment_status":"closed","ping_status":"closed","template":"","meta":{"om_disable_all_campaigns":false,"_monsterinsights_skip_tracking":false,"_monsterinsights_sitenote_active":false,"_monsterinsights_sitenote_note":"","_monsterinsights_sitenote_category":0,"footnotes":""},"class_list":["post-10","page","type-page","status-publish","hentry","description-off"],"yoast_head":"<!-- This site is optimized with the Yoast SEO plugin v27.3 - https:\/\/yoast.com\/product\/yoast-seo-wordpress\/ -->\n<title>Azienda di Outdoor Design - Studio66online<\/title>\n<meta name=\"description\" content=\"La ventennale esperienza per l\u2019outdoor unita ad una forte passione per il design ha dato vita a Studio66; studio di progettazione con pro\" \/>\n<meta name=\"robots\" content=\"index, follow, max-snippet:-1, max-image-preview:large, max-video-preview:-1\" \/>\n<link rel=\"canonical\" href=\"https:\/\/www.studio66online.it\/fr\/agence\/\" \/>\n<meta property=\"og:locale\" content=\"fr_FR\" \/>\n<meta property=\"og:type\" content=\"article\" \/>\n<meta property=\"og:title\" content=\"Azienda di Outdoor Design - Studio66online\" \/>\n<meta property=\"og:description\" content=\"La ventennale esperienza per l\u2019outdoor unita ad una forte passione per il design ha dato vita a Studio66; studio di progettazione con pro\" \/>\n<meta property=\"og:url\" content=\"https:\/\/www.studio66online.it\/fr\/agence\/\" \/>\n<meta property=\"og:site_name\" content=\"Studio66online\" \/>\n<meta property=\"article:publisher\" content=\"https:\/\/www.facebook.com\/coperturebioclimaticheStudio66\" \/>\n<meta property=\"article:modified_time\" content=\"2025-02-27T12:58:35+00:00\" \/>\n<meta name=\"twitter:card\" content=\"summary_large_image\" \/>\n<meta name=\"twitter:label1\" content=\"Dur\u00e9e de lecture estim\u00e9e\" \/>\n\t<meta name=\"twitter:data1\" content=\"2 minutes\" \/>\n<script type=\"application\/ld+json\" class=\"yoast-schema-graph\">{\"@context\":\"https:\\\/\\\/schema.org\",\"@graph\":[{\"@type\":\"WebPage\",\"@id\":\"https:\\\/\\\/www.studio66online.it\\\/azienda\\\/\",\"url\":\"https:\\\/\\\/www.studio66online.it\\\/azienda\\\/\",\"name\":\"Azienda di Outdoor Design - Studio66online\",\"isPartOf\":{\"@id\":\"https:\\\/\\\/www.studio66online.it\\\/#website\"},\"datePublished\":\"2016-07-26T13:53:50+00:00\",\"dateModified\":\"2025-02-27T12:58:35+00:00\",\"description\":\"La ventennale esperienza per l\u2019outdoor unita ad una forte passione per il design ha dato vita a Studio66; studio di progettazione con pro\",\"breadcrumb\":{\"@id\":\"https:\\\/\\\/www.studio66online.it\\\/azienda\\\/#breadcrumb\"},\"inLanguage\":\"fr-FR\",\"potentialAction\":[{\"@type\":\"ReadAction\",\"target\":[\"https:\\\/\\\/www.studio66online.it\\\/azienda\\\/\"]}]},{\"@type\":\"BreadcrumbList\",\"@id\":\"https:\\\/\\\/www.studio66online.it\\\/azienda\\\/#breadcrumb\",\"itemListElement\":[{\"@type\":\"ListItem\",\"position\":1,\"name\":\"Home\",\"item\":\"https:\\\/\\\/www.studio66online.it\\\/\"},{\"@type\":\"ListItem\",\"position\":2,\"name\":\"Azienda\"}]},{\"@type\":\"WebSite\",\"@id\":\"https:\\\/\\\/www.studio66online.it\\\/#website\",\"url\":\"https:\\\/\\\/www.studio66online.it\\\/\",\"name\":\"Studio66online\",\"description\":\"Pergole bioclimatiche e Outdoor Design\",\"publisher\":{\"@id\":\"https:\\\/\\\/www.studio66online.it\\\/#organization\"},\"potentialAction\":[{\"@type\":\"SearchAction\",\"target\":{\"@type\":\"EntryPoint\",\"urlTemplate\":\"https:\\\/\\\/www.studio66online.it\\\/?s={search_term_string}\"},\"query-input\":{\"@type\":\"PropertyValueSpecification\",\"valueRequired\":true,\"valueName\":\"search_term_string\"}}],\"inLanguage\":\"fr-FR\"},{\"@type\":\"Organization\",\"@id\":\"https:\\\/\\\/www.studio66online.it\\\/#organization\",\"name\":\"Studio 66 online\",\"url\":\"https:\\\/\\\/www.studio66online.it\\\/\",\"logo\":{\"@type\":\"ImageObject\",\"inLanguage\":\"fr-FR\",\"@id\":\"https:\\\/\\\/www.studio66online.it\\\/#\\\/schema\\\/logo\\\/image\\\/\",\"url\":\"https:\\\/\\\/www.studio66online.it\\\/wp-content\\\/uploads\\\/2022\\\/08\\\/LOGO-STUDIO66-MD.png\",\"contentUrl\":\"https:\\\/\\\/www.studio66online.it\\\/wp-content\\\/uploads\\\/2022\\\/08\\\/LOGO-STUDIO66-MD.png\",\"width\":279,\"height\":97,\"caption\":\"Studio 66 online\"},\"image\":{\"@id\":\"https:\\\/\\\/www.studio66online.it\\\/#\\\/schema\\\/logo\\\/image\\\/\"},\"sameAs\":[\"https:\\\/\\\/www.facebook.com\\\/coperturebioclimaticheStudio66\",\"https:\\\/\\\/www.instagram.com\\\/studio66italia\\\/\",\"https:\\\/\\\/it.linkedin.com\\\/company\\\/studio66-srl\",\"https:\\\/\\\/www.pinterest.it\\\/sstudiosessantasei\\\/_created\\\/\"]}]}<\/script>\n<!-- \/ Yoast SEO plugin. -->","yoast_head_json":{"title":"Azienda di Outdoor Design - Studio66online","description":"La ventennale esperienza per l\u2019outdoor unita ad una forte passione per il design ha dato vita a Studio66; studio di progettazione con pro","robots":{"index":"index","follow":"follow","max-snippet":"max-snippet:-1","max-image-preview":"max-image-preview:large","max-video-preview":"max-video-preview:-1"},"canonical":"https:\/\/www.studio66online.it\/fr\/agence\/","og_locale":"fr_FR","og_type":"article","og_title":"Azienda di Outdoor Design - Studio66online","og_description":"La ventennale esperienza per l\u2019outdoor unita ad una forte passione per il design ha dato vita a Studio66; studio di progettazione con pro","og_url":"https:\/\/www.studio66online.it\/fr\/agence\/","og_site_name":"Studio66online","article_publisher":"https:\/\/www.facebook.com\/coperturebioclimaticheStudio66","article_modified_time":"2025-02-27T12:58:35+00:00","twitter_card":"summary_large_image","twitter_misc":{"Dur\u00e9e de lecture estim\u00e9e":"2 minutes"},"schema":{"@context":"https:\/\/schema.org","@graph":[{"@type":"WebPage","@id":"https:\/\/www.studio66online.it\/azienda\/","url":"https:\/\/www.studio66online.it\/azienda\/","name":"Azienda di Outdoor Design - Studio66online","isPartOf":{"@id":"https:\/\/www.studio66online.it\/#website"},"datePublished":"2016-07-26T13:53:50+00:00","dateModified":"2025-02-27T12:58:35+00:00","description":"La ventennale esperienza per l\u2019outdoor unita ad una forte passione per il design ha dato vita a Studio66; studio di progettazione con pro","breadcrumb":{"@id":"https:\/\/www.studio66online.it\/azienda\/#breadcrumb"},"inLanguage":"fr-FR","potentialAction":[{"@type":"ReadAction","target":["https:\/\/www.studio66online.it\/azienda\/"]}]},{"@type":"BreadcrumbList","@id":"https:\/\/www.studio66online.it\/azienda\/#breadcrumb","itemListElement":[{"@type":"ListItem","position":1,"name":"Home","item":"https:\/\/www.studio66online.it\/"},{"@type":"ListItem","position":2,"name":"Azienda"}]},{"@type":"WebSite","@id":"https:\/\/www.studio66online.it\/#website","url":"https:\/\/www.studio66online.it\/","name":"Studio66online","description":"Pergole bioclimatiche e Outdoor Design","publisher":{"@id":"https:\/\/www.studio66online.it\/#organization"},"potentialAction":[{"@type":"SearchAction","target":{"@type":"EntryPoint","urlTemplate":"https:\/\/www.studio66online.it\/?s={search_term_string}"},"query-input":{"@type":"PropertyValueSpecification","valueRequired":true,"valueName":"search_term_string"}}],"inLanguage":"fr-FR"},{"@type":"Organization","@id":"https:\/\/www.studio66online.it\/#organization","name":"Studio 66 online","url":"https:\/\/www.studio66online.it\/","logo":{"@type":"ImageObject","inLanguage":"fr-FR","@id":"https:\/\/www.studio66online.it\/#\/schema\/logo\/image\/","url":"https:\/\/www.studio66online.it\/wp-content\/uploads\/2022\/08\/LOGO-STUDIO66-MD.png","contentUrl":"https:\/\/www.studio66online.it\/wp-content\/uploads\/2022\/08\/LOGO-STUDIO66-MD.png","width":279,"height":97,"caption":"Studio 66 online"},"image":{"@id":"https:\/\/www.studio66online.it\/#\/schema\/logo\/image\/"},"sameAs":["https:\/\/www.facebook.com\/coperturebioclimaticheStudio66","https:\/\/www.instagram.com\/studio66italia\/","https:\/\/it.linkedin.com\/company\/studio66-srl","https:\/\/www.pinterest.it\/sstudiosessantasei\/_created\/"]}]}},"_links":{"self":[{"href":"https:\/\/www.studio66online.it\/fr\/wp-json\/wp\/v2\/pages\/10","targetHints":{"allow":["GET"]}}],"collection":[{"href":"https:\/\/www.studio66online.it\/fr\/wp-json\/wp\/v2\/pages"}],"about":[{"href":"https:\/\/www.studio66online.it\/fr\/wp-json\/wp\/v2\/types\/page"}],"author":[{"embeddable":true,"href":"https:\/\/www.studio66online.it\/fr\/wp-json\/wp\/v2\/users\/2"}],"replies":[{"embeddable":true,"href":"https:\/\/www.studio66online.it\/fr\/wp-json\/wp\/v2\/comments?post=10"}],"version-history":[{"count":12,"href":"https:\/\/www.studio66online.it\/fr\/wp-json\/wp\/v2\/pages\/10\/revisions"}],"predecessor-version":[{"id":17229,"href":"https:\/\/www.studio66online.it\/fr\/wp-json\/wp\/v2\/pages\/10\/revisions\/17229"}],"wp:attachment":[{"href":"https:\/\/www.studio66online.it\/fr\/wp-json\/wp\/v2\/media?parent=10"}],"curies":[{"name":"wp","href":"https:\/\/api.w.org\/{rel}","templated":true}]}}