{"id":1176,"date":"2022-04-12T18:39:06","date_gmt":"2022-04-12T16:39:06","guid":{"rendered":"https:\/\/www.studio66online.it\/?page_id=1176"},"modified":"2025-07-17T09:53:46","modified_gmt":"2025-07-17T07:53:46","slug":"vetrate-scorrevoli","status":"publish","type":"page","link":"https:\/\/www.studio66online.it\/fr\/complements\/","title":{"rendered":"Vitrail"},"content":{"rendered":"<div class=\"wpb-content-wrapper\"><div data-vc-full-width=\"true\" data-vc-full-width-temp=\"true\" data-vc-full-width-init=\"false\" data-vc-stretch-content=\"true\" class=\"vc_row wpb_row vc_row-fluid vc_custom_1740505390176 vc_row-has-fill vc_row-no-padding\"><div class=\"wpb_column vc_column_container vc_col-sm-12\"><div class=\"vc_column-inner\"><div class=\"wpb_wrapper\"><div class=\"vc_empty_space\"   style=\"height: 200px\"><span class=\"vc_empty_space_inner\"><\/span><\/div>\n\t<div class=\"wpb_raw_code wpb_raw_html wpb_content_element\" >\n\t\t<div class=\"wpb_wrapper\">\n\t\t\t<p style=\"font-size:7vw; text-align:left; margin:50px; color: rgba(255, 255, 255, 0.6);\">DES PORTES COULISSANTES<\/p>\n\n\t\t<\/div>\n\t<\/div>\n<div class=\"vc_empty_space\"   style=\"height: 200px\"><span class=\"vc_empty_space_inner\"><\/span><\/div><\/div><\/div><\/div><\/div><div class=\"vc_row-full-width vc_clearfix\"><\/div><!-- Row Backgrounds --><div class=\"upb_bg_img\" data-ultimate-bg=\"url(https:\/\/www.studio66online.it\/wp-content\/uploads\/2025\/02\/2-1.jpg)\" data-image-id=\"id^31809|url^https:\/\/www.studio66online.it\/wp-content\/uploads\/2025\/02\/2-1.jpg|caption^null|alt^null|title^null|description^null\" data-ultimate-bg-style=\"vcpb-vz-jquery\" data-bg-img-repeat=\"repeat\" data-bg-img-size=\"cover\" data-bg-img-position=\"\" data-parallx_sense=\"30\" data-bg-override=\"0\" data-bg_img_attach=\"scroll\" data-upb-overlay-color=\"\" data-upb-bg-animation=\"\" data-fadeout=\"\" data-bg-animation=\"left-animation\" data-bg-animation-type=\"h\" data-animation-repeat=\"repeat\" data-fadeout-percentage=\"30\" data-parallax-content=\"\" data-parallax-content-sense=\"30\" data-row-effect-mobile-disable=\"true\" data-img-parallax-mobile-disable=\"true\" data-rtl=\"false\"  data-custom-vc-row=\"\"  data-vc=\"8.7.2\"  data-is_old_vc=\"\"  data-theme-support=\"\"   data-overlay=\"false\" data-overlay-color=\"\" data-overlay-pattern=\"\" data-overlay-pattern-opacity=\"\" data-overlay-pattern-size=\"\"    ><\/div><div class=\"vc_row wpb_row vc_row-fluid\"><div class=\"wpb_column vc_column_container vc_col-sm-12\"><div class=\"vc_column-inner\"><div class=\"wpb_wrapper\">\n\t<div class=\"wpb_text_column wpb_content_element\" >\n\t\t<div class=\"wpb_wrapper\">\n\t\t\t<h1 style=\"text-align: center;\">Les fen\u00eatres panoramiques Coulissantes et Impacchettabili<\/h1>\n\n\t\t<\/div>\n\t<\/div>\n<\/div><\/div><\/div><\/div><div data-vc-full-width=\"true\" data-vc-full-width-temp=\"true\" data-vc-full-width-init=\"false\" class=\"vc_row wpb_row vc_row-fluid\"><div class=\"wpb_column vc_column_container vc_col-sm-12\"><div class=\"vc_column-inner\"><div class=\"wpb_wrapper\"><div class=\"vc_row wpb_row vc_inner vc_row-fluid padding-laterale vc_custom_1649079602694\"><div class=\"wpb_column vc_column_container vc_col-sm-6\"><div class=\"vc_column-inner\"><div class=\"wpb_wrapper\">\n\t<div class=\"wpb_text_column wpb_content_element\" >\n\t\t<div class=\"wpb_wrapper\">\n\t\t\t<div class=\"contenuto\">\n<h2 style=\"color: #c40000!important;\">Des Portes Coulissantes En Verre<\/h2>\n<p>Les portes coulissantes en verre sont une solution \u00e9l\u00e9gante et fonctionnelle pour l&#039;optimisation des espaces internes et externes, tout en am\u00e9liorant l&#039;\u00e9clairage naturel et le confort du logement. Il est des syst\u00e8mes de verrouillage qui vous permettent de s\u00e9parer les environnements sans compromettre la luminosit\u00e9, gr\u00e2ce \u00e0 la grande surface vitr\u00e9e que vous pouvez profiter de la vue sur l&#039;ext\u00e9rieur, alors que dans le m\u00eame temps, une excellente protection contre les agents atmosph\u00e9riques.<br \/>\nLes vitraux peuvent \u00eatre: Avec le bas du rail de guidage encastr\u00e9 dans le sol, ce qui maintient les in\u00e9galit\u00e9s de la chauss\u00e9e.<br \/>\nAvec un Guide, une norme inf\u00e9rieure reposant sur le plancher.<\/p>\n<p><a href=\"https:\/\/www.studio66online.it\/fr\/contacts\/\">Contacts<\/a><\/p>\n<\/div>\n\n\t\t<\/div>\n\t<\/div>\n<\/div><\/div><\/div><div class=\"wpb_column vc_column_container vc_col-sm-6\"><div class=\"vc_column-inner\"><div class=\"wpb_wrapper\">\n\t<div  class=\"wpb_single_image wpb_content_element vc_align_left\">\n\t\t\n\t\t<figure class=\"wpb_wrapper vc_figure\">\n\t\t\t<div class=\"vc_single_image-wrapper   vc_box_border_grey\"><img loading=\"lazy\" decoding=\"async\" width=\"1024\" height=\"682\" src=\"https:\/\/www.studio66online.it\/wp-content\/uploads\/2024\/12\/Nautilus_pesaro_Ref-Photoroom-1024x682.png\" class=\"vc_single_image-img attachment-large\" alt=\"VETRATE-PERIMETRALI-STUDIO66\" title=\"VETRATE-PERIMETRALI-STUDIO66-Hotel Nautilus, Pesaro\" srcset=\"https:\/\/www.studio66online.it\/wp-content\/uploads\/2024\/12\/Nautilus_pesaro_Ref-Photoroom-1024x682.png 1024w, https:\/\/www.studio66online.it\/wp-content\/uploads\/2024\/12\/Nautilus_pesaro_Ref-Photoroom-300x200.png 300w, https:\/\/www.studio66online.it\/wp-content\/uploads\/2024\/12\/Nautilus_pesaro_Ref-Photoroom-768x512.png 768w, https:\/\/www.studio66online.it\/wp-content\/uploads\/2024\/12\/Nautilus_pesaro_Ref-Photoroom-18x12.png 18w, https:\/\/www.studio66online.it\/wp-content\/uploads\/2024\/12\/Nautilus_pesaro_Ref-Photoroom.png 1280w\" sizes=\"auto, (max-width: 1024px) 100vw, 1024px\"  data-dt-location=\"https:\/\/www.studio66online.it\/fr\/complements\/nautilus_pesaro_ref-photoroom\/\" \/><\/div>\n\t\t<\/figure>\n\t<\/div>\n<\/div><\/div><\/div><\/div><\/div><\/div><\/div><\/div><div class=\"vc_row-full-width vc_clearfix\"><\/div><!-- Row Backgrounds --><div class=\"upb_color\" data-bg-override=\"0\" data-bg-color=\"#f4f4f4\" data-fadeout=\"\" data-fadeout-percentage=\"30\" data-parallax-content=\"\" data-parallax-content-sense=\"30\" data-row-effect-mobile-disable=\"true\" data-img-parallax-mobile-disable=\"true\" data-rtl=\"false\"  data-custom-vc-row=\"\"  data-vc=\"8.7.2\"  data-is_old_vc=\"\"  data-theme-support=\"\"   data-overlay=\"false\" data-overlay-color=\"\" data-overlay-pattern=\"\" data-overlay-pattern-opacity=\"\" data-overlay-pattern-size=\"\"    ><\/div><div data-vc-full-width=\"true\" data-vc-full-width-temp=\"true\" data-vc-full-width-init=\"false\" class=\"vc_row wpb_row vc_row-fluid\"><div class=\"wpb_column vc_column_container vc_col-sm-12\"><div class=\"vc_column-inner\"><div class=\"wpb_wrapper\"><div class=\"vc_row wpb_row vc_inner vc_row-fluid padding-laterale vc_custom_1649079602694\"><div class=\"wpb_column vc_column_container vc_col-sm-6\"><div class=\"vc_column-inner\"><div class=\"wpb_wrapper\">\n\t<div  class=\"wpb_single_image wpb_content_element vc_align_left\">\n\t\t\n\t\t<figure class=\"wpb_wrapper vc_figure\">\n\t\t\t<div class=\"vc_single_image-wrapper   vc_box_border_grey\"><img loading=\"lazy\" decoding=\"async\" width=\"1024\" height=\"576\" src=\"https:\/\/www.studio66online.it\/wp-content\/uploads\/2025\/02\/Vetrate-Impacchettabili.jpg\" class=\"vc_single_image-img attachment-large\" alt=\"des portes coulissantes en verre\" title=\"des portes coulissantes en verre\" srcset=\"https:\/\/www.studio66online.it\/wp-content\/uploads\/2025\/02\/Vetrate-Impacchettabili.jpg 1024w, https:\/\/www.studio66online.it\/wp-content\/uploads\/2025\/02\/Vetrate-Impacchettabili-300x169.jpg 300w, https:\/\/www.studio66online.it\/wp-content\/uploads\/2025\/02\/Vetrate-Impacchettabili-768x432.jpg 768w, https:\/\/www.studio66online.it\/wp-content\/uploads\/2025\/02\/Vetrate-Impacchettabili-18x10.jpg 18w\" sizes=\"auto, (max-width: 1024px) 100vw, 1024px\"  data-dt-location=\"https:\/\/www.studio66online.it\/fr\/complements\/vetrate-impacchettabili\/\" \/><\/div>\n\t\t<\/figure>\n\t<\/div>\n<\/div><\/div><\/div><div class=\"wpb_column vc_column_container vc_col-sm-6\"><div class=\"vc_column-inner\"><div class=\"wpb_wrapper\">\n\t<div class=\"wpb_text_column wpb_content_element\" >\n\t\t<div class=\"wpb_wrapper\">\n\t\t\t<div class=\"contenuto\">\n<h2 style=\"color: #c40000!important;\">Vitraux Impacchettabili<\/h2>\n<p>L&#039; <a href=\"https:\/\/www.studio66online.it\/fr\/vetrate-scorrevoli-come-e-quando-utilizzarle\/\">vetrate impacchettabili sono un&#8217;innovativa soluzione per la separazione di ambienti<\/a>, che combina estetica, funzionalit\u00e0 e praticit\u00e0. Questi sistemi di chiusura consentono di ottenere spazi ampi e luminosi grazie alla loro capacit\u00e0 di aprirsi completamente, ripiegandosi su s\u00e9 stessi. La prima anta \u00e8 a battente e crea una zona di parcheggio dove andranno a parcheggiarsi le altre. La sua movimentazione garantisce la pulizia dall\u2019interno dei pannelli sia internamente che esternamente. Si tratta di un&#8217;ottima scelta per chi desidera godere della vista esterna o massimizzare l\u2019ingresso di luce naturale, senza rinunciare alla possibilit\u00e0 di chiudere gli spazi quando necessario.<br \/>\nLes vitraux peuvent \u00eatre:<br \/>\nFix\u00e9 sous le faisceau d&#039;un profil, faites d\u00e9filer de haut, \u00e0 l&#039;exclusion de la terre.<br \/>\nAvec un guide, une norme inf\u00e9rieure reposant sur le plancher.<br \/>\nAvec le guide inf\u00e9rieur rail encastr\u00e9 dans le sol, ce qui maintient les in\u00e9galit\u00e9s de la chauss\u00e9e.<\/p>\n<p><a href=\"https:\/\/www.studio66online.it\/fr\/contacts\/\">Contacts<\/a><\/p>\n<\/div>\n\n\t\t<\/div>\n\t<\/div>\n<\/div><\/div><\/div><\/div><\/div><\/div><\/div><\/div><div class=\"vc_row-full-width vc_clearfix\"><\/div><div data-vc-full-width=\"true\" data-vc-full-width-temp=\"true\" data-vc-full-width-init=\"false\" class=\"vc_row wpb_row vc_row-fluid vc_custom_1740398314011 vc_row-has-fill\"><div class=\"wpb_column vc_column_container vc_col-sm-12\"><div class=\"vc_column-inner\"><div class=\"wpb_wrapper\">\n<div class=\"slider-simple shortcode-photo-slider owl-carousel dt-owl-carousel-init photoSlider\" data-autoslide=\"5000\" data-paused=\"false\" style=\"width: 100%\" data-img-mode=\"fit\">\n\t<div class=\"slide-item\">\n\t\t<img loading=\"lazy\" decoding=\"async\" class=\"preload-me aspect\" src=\"https:\/\/www.studio66online.it\/wp-content\/uploads\/2025\/02\/1-e1740500657585.jpg\" srcset=\"https:\/\/www.studio66online.it\/wp-content\/uploads\/2025\/02\/1-e1740500657585.jpg 2000w\" style=\"--ratio: 2000 \/ 1333\" sizes=\"auto, (max-width: 2000px) 100vw, 2000px\" width=\"2000\" height=\"1333\"  alt=\"des portes coulissantes en verre\"  \/>\n\t\t<div class=\"slider-post-caption\">\n\t\t\t<div class=\"slider-post-inner\">\n\t\t\t\t<h4>Nautilus Family Hotel, Pesaro<\/h4>\n\t\t\t<\/div>\n\t\t<\/div><\/div>\n\t<div class=\"slide-item\">\n\t\t<img loading=\"lazy\" decoding=\"async\" class=\"preload-me aspect\" src=\"https:\/\/www.studio66online.it\/wp-content\/uploads\/2025\/02\/2.jpg\" srcset=\"https:\/\/www.studio66online.it\/wp-content\/uploads\/2025\/02\/2.jpg 1920w\" style=\"--ratio: 1920 \/ 1080\" sizes=\"auto, (max-width: 1920px) 100vw, 1920px\" width=\"1920\" height=\"1080\"  alt=\"des portes coulissantes en verre\"  \/>\n\t\t<div class=\"slider-post-caption\">\n\t\t\t<div class=\"slider-post-inner\">\n\t\t\t\t<h4>des portes coulissantes en verre<\/h4>\n\t\t\t<\/div>\n\t\t<\/div><\/div>\n\t<div class=\"slide-item\">\n\t\t<img loading=\"lazy\" decoding=\"async\" class=\"preload-me aspect\" src=\"https:\/\/www.studio66online.it\/wp-content\/uploads\/2025\/02\/3.jpg\" srcset=\"https:\/\/www.studio66online.it\/wp-content\/uploads\/2025\/02\/3.jpg 987w\" style=\"--ratio: 987 \/ 1333\" sizes=\"auto, (max-width: 987px) 100vw, 987px\" width=\"987\" height=\"1333\"  alt=\"des portes coulissantes en verre\"  \/>\n\t\t<div class=\"slider-post-caption\">\n\t\t\t<div class=\"slider-post-inner\">\n\t\t\t\t<h4>des portes coulissantes en verre<\/h4>\n\t\t\t<\/div>\n\t\t<\/div><\/div>\n\t<div class=\"slide-item\">\n\t\t<img loading=\"lazy\" decoding=\"async\" class=\"preload-me aspect\" src=\"https:\/\/www.studio66online.it\/wp-content\/uploads\/2025\/02\/4.jpg\" srcset=\"https:\/\/www.studio66online.it\/wp-content\/uploads\/2025\/02\/4.jpg 1777w\" style=\"--ratio: 1777 \/ 1333\" sizes=\"auto, (max-width: 1777px) 100vw, 1777px\" width=\"1777\" height=\"1333\"  alt=\"des portes coulissantes en verre\"  \/>\n\t\t<div class=\"slider-post-caption\">\n\t\t\t<div class=\"slider-post-inner\">\n\t\t\t\t<h4>des portes coulissantes en verre<\/h4>\n\t\t\t<\/div>\n\t\t<\/div><\/div>\n\t<div class=\"slide-item\">\n\t\t<img loading=\"lazy\" decoding=\"async\" class=\"preload-me aspect\" src=\"https:\/\/www.studio66online.it\/wp-content\/uploads\/2025\/02\/5.jpg\" srcset=\"https:\/\/www.studio66online.it\/wp-content\/uploads\/2025\/02\/5.jpg 1753w\" style=\"--ratio: 1753 \/ 1333\" sizes=\"auto, (max-width: 1753px) 100vw, 1753px\" width=\"1753\" height=\"1333\"  alt=\"des portes coulissantes en verre\"  \/>\n\t\t<div class=\"slider-post-caption\">\n\t\t\t<div class=\"slider-post-inner\">\n\t\t\t\t<h4>des portes coulissantes en verre<\/h4>\n\t\t\t<\/div>\n\t\t<\/div><\/div>\n\t<div class=\"slide-item\">\n\t\t<img loading=\"lazy\" decoding=\"async\" class=\"preload-me aspect\" src=\"https:\/\/www.studio66online.it\/wp-content\/uploads\/2025\/02\/6.jpg\" srcset=\"https:\/\/www.studio66online.it\/wp-content\/uploads\/2025\/02\/6.jpg 1600w\" style=\"--ratio: 1600 \/ 900\" sizes=\"auto, (max-width: 1600px) 100vw, 1600px\" width=\"1600\" height=\"900\"  alt=\"vetrate scorrevoli panoramiche\"  \/>\n\t\t<div class=\"slider-post-caption\">\n\t\t\t<div class=\"slider-post-inner\">\n\t\t\t\t<h4>vetrate scorrevoli panoramiche<\/h4>\n\t\t\t<\/div>\n\t\t<\/div><\/div>\n\t<div class=\"slide-item\">\n\t\t<img loading=\"lazy\" decoding=\"async\" class=\"preload-me aspect\" src=\"https:\/\/www.studio66online.it\/wp-content\/uploads\/2025\/02\/7.jpg\" srcset=\"https:\/\/www.studio66online.it\/wp-content\/uploads\/2025\/02\/7.jpg 920w\" style=\"--ratio: 920 \/ 690\" sizes=\"auto, (max-width: 920px) 100vw, 920px\" width=\"920\" height=\"690\"  alt=\"des portes coulissantes en verre\"  \/>\n\t\t<div class=\"slider-post-caption\">\n\t\t\t<div class=\"slider-post-inner\">\n\t\t\t\t<h4>des portes coulissantes en verre<\/h4>\n\t\t\t<\/div>\n\t\t<\/div><\/div><\/div><div class=\"vc_empty_space\"   style=\"height: 32px\"><span class=\"vc_empty_space_inner\"><\/span><\/div><\/div><\/div><\/div><\/div><div class=\"vc_row-full-width vc_clearfix\"><\/div><!-- Row Backgrounds --><div class=\"upb_color\" data-bg-override=\"0\" data-bg-color=\"#FFFFFF\" data-fadeout=\"\" data-fadeout-percentage=\"30\" data-parallax-content=\"\" data-parallax-content-sense=\"30\" data-row-effect-mobile-disable=\"true\" data-img-parallax-mobile-disable=\"true\" data-rtl=\"false\"  data-custom-vc-row=\"\"  data-vc=\"8.7.2\"  data-is_old_vc=\"\"  data-theme-support=\"\"   data-overlay=\"false\" data-overlay-color=\"\" data-overlay-pattern=\"\" data-overlay-pattern-opacity=\"\" data-overlay-pattern-size=\"\"    ><\/div><div class=\"vc_row wpb_row vc_row-fluid\"><div class=\"wpb_column vc_column_container vc_col-sm-12\"><div class=\"vc_column-inner\"><div class=\"wpb_wrapper\">\n\t<div class=\"wpb_text_column wpb_content_element\" >\n\t\t<div class=\"wpb_wrapper\">\n\t\t\t<h2 style=\"text-align: center;\">Demander plus d&#039;information<\/h2>\n\n\t\t<\/div>\n\t<\/div>\n\n\t<div class=\"wpb_text_column wpb_content_element\" >\n\t\t<div class=\"wpb_wrapper\">\n\t\t\t<p style=\"text-align: center;\"><a href=\"https:\/\/www.studio66online.it\/fr\/contacts\/\">Contacts<\/a><\/p>\n\n\t\t<\/div>\n\t<\/div>\n<\/div><\/div><\/div><\/div>\n<\/div>","protected":false},"excerpt":{"rendered":"<p>VETRATE SCORREVOLI Vetrate Panoramiche Scorrevoli e Impacchettabili Vetrate Scorrevoli Le vetrate scorrevoli rappresentano una soluzione elegante e funzionale per ottimizzare gli spazi interni ed esterni, migliorando al contempo l&#8217;illuminazione naturale e il comfort abitativo. Si tratta di sistemi di chiusura che permettono di separare ambienti senza compromettere la luminosit\u00e0, grazie all&#8217;ampia superficie vetrata che consente&hellip;<\/p>","protected":false},"author":2,"featured_media":0,"parent":0,"menu_order":0,"comment_status":"closed","ping_status":"closed","template":"","meta":{"om_disable_all_campaigns":false,"_monsterinsights_skip_tracking":false,"_monsterinsights_sitenote_active":false,"_monsterinsights_sitenote_note":"","_monsterinsights_sitenote_category":0,"footnotes":""},"class_list":["post-1176","page","type-page","status-publish","hentry","description-off"],"yoast_head":"<!-- This site is optimized with the Yoast SEO plugin v27.3 - https:\/\/yoast.com\/product\/yoast-seo-wordpress\/ -->\n<title>Vetrate Scorrevoli Panoramiche ed impacchettabili - Studio 66<\/title>\n<meta name=\"description\" content=\"Vetrate scorrevoli panoramiche ed impacchettabili per pergole bioclimatiche e tutto quello che serve per il design e il confort.\" \/>\n<meta name=\"robots\" content=\"index, follow, max-snippet:-1, max-image-preview:large, max-video-preview:-1\" \/>\n<link rel=\"canonical\" href=\"https:\/\/www.studio66online.it\/fr\/complements\/\" \/>\n<meta property=\"og:locale\" content=\"fr_FR\" \/>\n<meta property=\"og:type\" content=\"article\" \/>\n<meta property=\"og:title\" content=\"Vetrate Scorrevoli Panoramiche ed impacchettabili - Studio 66\" \/>\n<meta property=\"og:description\" content=\"Vetrate scorrevoli panoramiche ed impacchettabili per pergole bioclimatiche e tutto quello che serve per il design e il confort.\" \/>\n<meta property=\"og:url\" content=\"https:\/\/www.studio66online.it\/fr\/complements\/\" \/>\n<meta property=\"og:site_name\" content=\"Studio66online\" \/>\n<meta property=\"article:publisher\" content=\"https:\/\/www.facebook.com\/coperturebioclimaticheStudio66\" \/>\n<meta property=\"article:modified_time\" content=\"2025-07-17T07:53:46+00:00\" \/>\n<meta name=\"twitter:card\" content=\"summary_large_image\" \/>\n<meta name=\"twitter:label1\" content=\"Dur\u00e9e de lecture estim\u00e9e\" \/>\n\t<meta name=\"twitter:data1\" content=\"2 minutes\" \/>\n<script type=\"application\/ld+json\" class=\"yoast-schema-graph\">{\"@context\":\"https:\\\/\\\/schema.org\",\"@graph\":[{\"@type\":\"WebPage\",\"@id\":\"https:\\\/\\\/www.studio66online.it\\\/vetrate-scorrevoli\\\/\",\"url\":\"https:\\\/\\\/www.studio66online.it\\\/vetrate-scorrevoli\\\/\",\"name\":\"Vetrate Scorrevoli Panoramiche ed impacchettabili - Studio 66\",\"isPartOf\":{\"@id\":\"https:\\\/\\\/www.studio66online.it\\\/#website\"},\"datePublished\":\"2022-04-12T16:39:06+00:00\",\"dateModified\":\"2025-07-17T07:53:46+00:00\",\"description\":\"Vetrate scorrevoli panoramiche ed impacchettabili per pergole bioclimatiche e tutto quello che serve per il design e il confort.\",\"breadcrumb\":{\"@id\":\"https:\\\/\\\/www.studio66online.it\\\/vetrate-scorrevoli\\\/#breadcrumb\"},\"inLanguage\":\"fr-FR\",\"potentialAction\":[{\"@type\":\"ReadAction\",\"target\":[\"https:\\\/\\\/www.studio66online.it\\\/vetrate-scorrevoli\\\/\"]}]},{\"@type\":\"BreadcrumbList\",\"@id\":\"https:\\\/\\\/www.studio66online.it\\\/vetrate-scorrevoli\\\/#breadcrumb\",\"itemListElement\":[{\"@type\":\"ListItem\",\"position\":1,\"name\":\"Home\",\"item\":\"https:\\\/\\\/www.studio66online.it\\\/\"},{\"@type\":\"ListItem\",\"position\":2,\"name\":\"Vetrate\"}]},{\"@type\":\"WebSite\",\"@id\":\"https:\\\/\\\/www.studio66online.it\\\/#website\",\"url\":\"https:\\\/\\\/www.studio66online.it\\\/\",\"name\":\"Studio66online\",\"description\":\"Pergole bioclimatiche e Outdoor Design\",\"publisher\":{\"@id\":\"https:\\\/\\\/www.studio66online.it\\\/#organization\"},\"potentialAction\":[{\"@type\":\"SearchAction\",\"target\":{\"@type\":\"EntryPoint\",\"urlTemplate\":\"https:\\\/\\\/www.studio66online.it\\\/?s={search_term_string}\"},\"query-input\":{\"@type\":\"PropertyValueSpecification\",\"valueRequired\":true,\"valueName\":\"search_term_string\"}}],\"inLanguage\":\"fr-FR\"},{\"@type\":\"Organization\",\"@id\":\"https:\\\/\\\/www.studio66online.it\\\/#organization\",\"name\":\"Studio 66 online\",\"url\":\"https:\\\/\\\/www.studio66online.it\\\/\",\"logo\":{\"@type\":\"ImageObject\",\"inLanguage\":\"fr-FR\",\"@id\":\"https:\\\/\\\/www.studio66online.it\\\/#\\\/schema\\\/logo\\\/image\\\/\",\"url\":\"https:\\\/\\\/www.studio66online.it\\\/wp-content\\\/uploads\\\/2022\\\/08\\\/LOGO-STUDIO66-MD.png\",\"contentUrl\":\"https:\\\/\\\/www.studio66online.it\\\/wp-content\\\/uploads\\\/2022\\\/08\\\/LOGO-STUDIO66-MD.png\",\"width\":279,\"height\":97,\"caption\":\"Studio 66 online\"},\"image\":{\"@id\":\"https:\\\/\\\/www.studio66online.it\\\/#\\\/schema\\\/logo\\\/image\\\/\"},\"sameAs\":[\"https:\\\/\\\/www.facebook.com\\\/coperturebioclimaticheStudio66\",\"https:\\\/\\\/www.instagram.com\\\/studio66italia\\\/\",\"https:\\\/\\\/it.linkedin.com\\\/company\\\/studio66-srl\",\"https:\\\/\\\/www.pinterest.it\\\/sstudiosessantasei\\\/_created\\\/\"]}]}<\/script>\n<!-- \/ Yoast SEO plugin. -->","yoast_head_json":{"title":"Vetrate Scorrevoli Panoramiche ed impacchettabili - Studio 66","description":"Vetrate scorrevoli panoramiche ed impacchettabili per pergole bioclimatiche e tutto quello che serve per il design e il confort.","robots":{"index":"index","follow":"follow","max-snippet":"max-snippet:-1","max-image-preview":"max-image-preview:large","max-video-preview":"max-video-preview:-1"},"canonical":"https:\/\/www.studio66online.it\/fr\/complements\/","og_locale":"fr_FR","og_type":"article","og_title":"Vetrate Scorrevoli Panoramiche ed impacchettabili - Studio 66","og_description":"Vetrate scorrevoli panoramiche ed impacchettabili per pergole bioclimatiche e tutto quello che serve per il design e il confort.","og_url":"https:\/\/www.studio66online.it\/fr\/complements\/","og_site_name":"Studio66online","article_publisher":"https:\/\/www.facebook.com\/coperturebioclimaticheStudio66","article_modified_time":"2025-07-17T07:53:46+00:00","twitter_card":"summary_large_image","twitter_misc":{"Dur\u00e9e de lecture estim\u00e9e":"2 minutes"},"schema":{"@context":"https:\/\/schema.org","@graph":[{"@type":"WebPage","@id":"https:\/\/www.studio66online.it\/vetrate-scorrevoli\/","url":"https:\/\/www.studio66online.it\/vetrate-scorrevoli\/","name":"Vetrate Scorrevoli Panoramiche ed impacchettabili - Studio 66","isPartOf":{"@id":"https:\/\/www.studio66online.it\/#website"},"datePublished":"2022-04-12T16:39:06+00:00","dateModified":"2025-07-17T07:53:46+00:00","description":"Vetrate scorrevoli panoramiche ed impacchettabili per pergole bioclimatiche e tutto quello che serve per il design e il confort.","breadcrumb":{"@id":"https:\/\/www.studio66online.it\/vetrate-scorrevoli\/#breadcrumb"},"inLanguage":"fr-FR","potentialAction":[{"@type":"ReadAction","target":["https:\/\/www.studio66online.it\/vetrate-scorrevoli\/"]}]},{"@type":"BreadcrumbList","@id":"https:\/\/www.studio66online.it\/vetrate-scorrevoli\/#breadcrumb","itemListElement":[{"@type":"ListItem","position":1,"name":"Home","item":"https:\/\/www.studio66online.it\/"},{"@type":"ListItem","position":2,"name":"Vetrate"}]},{"@type":"WebSite","@id":"https:\/\/www.studio66online.it\/#website","url":"https:\/\/www.studio66online.it\/","name":"Studio66online","description":"Pergole bioclimatiche e Outdoor Design","publisher":{"@id":"https:\/\/www.studio66online.it\/#organization"},"potentialAction":[{"@type":"SearchAction","target":{"@type":"EntryPoint","urlTemplate":"https:\/\/www.studio66online.it\/?s={search_term_string}"},"query-input":{"@type":"PropertyValueSpecification","valueRequired":true,"valueName":"search_term_string"}}],"inLanguage":"fr-FR"},{"@type":"Organization","@id":"https:\/\/www.studio66online.it\/#organization","name":"Studio 66 online","url":"https:\/\/www.studio66online.it\/","logo":{"@type":"ImageObject","inLanguage":"fr-FR","@id":"https:\/\/www.studio66online.it\/#\/schema\/logo\/image\/","url":"https:\/\/www.studio66online.it\/wp-content\/uploads\/2022\/08\/LOGO-STUDIO66-MD.png","contentUrl":"https:\/\/www.studio66online.it\/wp-content\/uploads\/2022\/08\/LOGO-STUDIO66-MD.png","width":279,"height":97,"caption":"Studio 66 online"},"image":{"@id":"https:\/\/www.studio66online.it\/#\/schema\/logo\/image\/"},"sameAs":["https:\/\/www.facebook.com\/coperturebioclimaticheStudio66","https:\/\/www.instagram.com\/studio66italia\/","https:\/\/it.linkedin.com\/company\/studio66-srl","https:\/\/www.pinterest.it\/sstudiosessantasei\/_created\/"]}]}},"_links":{"self":[{"href":"https:\/\/www.studio66online.it\/fr\/wp-json\/wp\/v2\/pages\/1176","targetHints":{"allow":["GET"]}}],"collection":[{"href":"https:\/\/www.studio66online.it\/fr\/wp-json\/wp\/v2\/pages"}],"about":[{"href":"https:\/\/www.studio66online.it\/fr\/wp-json\/wp\/v2\/types\/page"}],"author":[{"embeddable":true,"href":"https:\/\/www.studio66online.it\/fr\/wp-json\/wp\/v2\/users\/2"}],"replies":[{"embeddable":true,"href":"https:\/\/www.studio66online.it\/fr\/wp-json\/wp\/v2\/comments?post=1176"}],"version-history":[{"count":60,"href":"https:\/\/www.studio66online.it\/fr\/wp-json\/wp\/v2\/pages\/1176\/revisions"}],"predecessor-version":[{"id":33036,"href":"https:\/\/www.studio66online.it\/fr\/wp-json\/wp\/v2\/pages\/1176\/revisions\/33036"}],"wp:attachment":[{"href":"https:\/\/www.studio66online.it\/fr\/wp-json\/wp\/v2\/media?parent=1176"}],"curies":[{"name":"wp","href":"https:\/\/api.w.org\/{rel}","templated":true}]}}