{"id":1301,"date":"2022-04-14T15:34:59","date_gmt":"2022-04-14T13:34:59","guid":{"rendered":"https:\/\/www.studio66online.it\/job-openings\/"},"modified":"2025-04-28T15:37:05","modified_gmt":"2025-04-28T13:37:05","slug":"job-openings","status":"publish","type":"page","link":"https:\/\/www.studio66online.it\/fr\/offres-demploi\/","title":{"rendered":"Emplois"},"content":{"rendered":"<div class=\"wpb-content-wrapper\"><div class=\"vc_row wpb_row vc_row-fluid\"><div class=\"wpb_column vc_column_container vc_col-sm-12\"><div class=\"vc_column-inner\"><div class=\"wpb_wrapper\"><div class=\"vc_empty_space\"   style=\"height: 100px\"><span class=\"vc_empty_space_inner\"><\/span><\/div>\n\t<div class=\"wpb_text_column wpb_content_element\" >\n\t\t<div class=\"wpb_wrapper\">\n\t\t\t\t<div class=\"awsm-job-wrap\">\n\n\t\t\n\t\t<div class=\"awsm-job-listings awsm-lists\" data-listings=\"10\">\n\t\t\t\t\t<div class=\"awsm-job-listing-item awsm-list-item\" id=\"awsm-list-item-9667\">\t\t<div class=\"awsm-job-item\">\t\t\t<div class=\"awsm-list-left-col\">\n\t\t\t\t\n\t\t\t\t\n\t\t\t\t<h2 class=\"awsm-job-post-title\">\n\t\t\t\t\t<a href=\"https:\/\/www.studio66online.it\/fr\/jobs\/architecte-technico-commercial\/\">Architecte technique commercial<\/a>\t\t\t\t<\/h2>\n\n\t\t\t\t\t\t\t<\/div>\n\n\t\t\t<div class=\"awsm-list-right-col\">\n\t\t\t\t<div class=\"awsm-job-more-container\"><a class=\"awsm-job-more\" href=\"https:\/\/www.studio66online.it\/fr\/jobs\/architecte-technico-commercial\/\">Plus de d\u00e9tails <span><\/span><\/a><\/div>\t\t\t<\/div>\n\t\t<\/div>\t<\/div><div class=\"awsm-job-listing-item awsm-list-item\" id=\"awsm-list-item-2021\">\t\t<div class=\"awsm-job-item\">\t\t\t<div class=\"awsm-list-left-col\">\n\t\t\t\t\n\t\t\t\t\n\t\t\t\t<h2 class=\"awsm-job-post-title\">\n\t\t\t\t\t<a href=\"https:\/\/www.studio66online.it\/fr\/jobs\/handelsvertreter\/\">Handelsvertreter<\/a>\t\t\t\t<\/h2>\n\n\t\t\t\t\t\t\t<\/div>\n\n\t\t\t<div class=\"awsm-list-right-col\">\n\t\t\t\t<div class=\"awsm-job-more-container\"><a class=\"awsm-job-more\" href=\"https:\/\/www.studio66online.it\/fr\/jobs\/handelsvertreter\/\">Plus de d\u00e9tails <span><\/span><\/a><\/div>\t\t\t<\/div>\n\t\t<\/div>\t<\/div><div class=\"awsm-job-listing-item awsm-list-item\" id=\"awsm-list-item-2028\">\t\t<div class=\"awsm-job-item\">\t\t\t<div class=\"awsm-list-left-col\">\n\t\t\t\t\n\t\t\t\t\n\t\t\t\t<h2 class=\"awsm-job-post-title\">\n\t\t\t\t\t<a href=\"https:\/\/www.studio66online.it\/fr\/jobs\/agents-multi-cabinets\/\">Agents multi-firmes<\/a>\t\t\t\t<\/h2>\n\n\t\t\t\t\t\t\t<\/div>\n\n\t\t\t<div class=\"awsm-list-right-col\">\n\t\t\t\t<div class=\"awsm-job-more-container\"><a class=\"awsm-job-more\" href=\"https:\/\/www.studio66online.it\/fr\/jobs\/agents-multi-cabinets\/\">Plus de d\u00e9tails <span><\/span><\/a><\/div>\t\t\t<\/div>\n\t\t<\/div>\t<\/div><div class=\"awsm-job-listing-item awsm-list-item\" id=\"awsm-list-item-2029\">\t\t<div class=\"awsm-job-item\">\t\t\t<div class=\"awsm-list-left-col\">\n\t\t\t\t\n\t\t\t\t\n\t\t\t\t<h2 class=\"awsm-job-post-title\">\n\t\t\t\t\t<a href=\"https:\/\/www.studio66online.it\/fr\/jobs\/ingenieur-en-structure\/\">Ing\u00e9nieur en structure<\/a>\t\t\t\t<\/h2>\n\n\t\t\t\t\t\t\t<\/div>\n\n\t\t\t<div class=\"awsm-list-right-col\">\n\t\t\t\t<div class=\"awsm-job-more-container\"><a class=\"awsm-job-more\" href=\"https:\/\/www.studio66online.it\/fr\/jobs\/ingenieur-en-structure\/\">Plus de d\u00e9tails <span><\/span><\/a><\/div>\t\t\t<\/div>\n\t\t<\/div>\t<\/div><div class=\"awsm-job-listing-item awsm-list-item\" id=\"awsm-list-item-1369\">\t\t<div class=\"awsm-job-item\">\t\t\t<div class=\"awsm-list-left-col\">\n\t\t\t\t\n\t\t\t\t\n\t\t\t\t<h2 class=\"awsm-job-post-title\">\n\t\t\t\t\t<a href=\"https:\/\/www.studio66online.it\/fr\/jobs\/monteur-professionnel\/\">Monteur professionnel<\/a>\t\t\t\t<\/h2>\n\n\t\t\t\t\t\t\t<\/div>\n\n\t\t\t<div class=\"awsm-list-right-col\">\n\t\t\t\t<div class=\"awsm-job-more-container\"><a class=\"awsm-job-more\" href=\"https:\/\/www.studio66online.it\/fr\/jobs\/monteur-professionnel\/\">Plus de d\u00e9tails <span><\/span><\/a><\/div>\t\t\t<\/div>\n\t\t<\/div>\t<\/div>\t\t\t\t<\/div>\n\t<\/div>\n\n\n\t\t<\/div>\n\t<\/div>\n<\/div><\/div><\/div><\/div>\n<\/div>","protected":false},"excerpt":{"rendered":"<p>Installateurs professionnels Nous recherchons des installateurs professionnels pour nous rejoindre en tant que partenaires externes. Les candidats id\u00e9aux doivent avoir une exp\u00e9rience dans l&#039;assemblage de structures de menuiserie l\u00e9g\u00e8re (de pr\u00e9f\u00e9rence des pergolas en aluminium et des accessoires tels que des rideaux et des fen\u00eatres en g\u00e9n\u00e9ral) et \/ ou \u00eatre des fabricants de fen\u00eatres connaissant et utilisant les principaux outils d&#039;installation. Une attention particuli\u00e8re s&#039;impose...<\/p>","protected":false},"author":2,"featured_media":0,"parent":0,"menu_order":0,"comment_status":"closed","ping_status":"closed","template":"","meta":{"om_disable_all_campaigns":false,"_monsterinsights_skip_tracking":false,"_monsterinsights_sitenote_active":false,"_monsterinsights_sitenote_note":"","_monsterinsights_sitenote_category":0,"footnotes":""},"class_list":["post-1301","page","type-page","status-publish","hentry","description-off"],"yoast_head":"<!-- This site is optimized with the Yoast SEO plugin v27.3 - https:\/\/yoast.com\/product\/yoast-seo-wordpress\/ -->\n<title>Jobs - Studio66online<\/title>\n<meta name=\"robots\" content=\"noindex, follow\" \/>\n<meta property=\"og:locale\" content=\"fr_FR\" \/>\n<meta property=\"og:type\" content=\"article\" \/>\n<meta property=\"og:title\" content=\"Jobs - Studio66online\" \/>\n<meta property=\"og:url\" content=\"https:\/\/www.studio66online.it\/fr\/offres-demploi\/\" \/>\n<meta property=\"og:site_name\" content=\"Studio66online\" \/>\n<meta property=\"article:publisher\" content=\"https:\/\/www.facebook.com\/coperturebioclimaticheStudio66\" \/>\n<meta property=\"article:modified_time\" content=\"2025-04-28T13:37:05+00:00\" \/>\n<meta name=\"twitter:card\" content=\"summary_large_image\" \/>\n<meta name=\"twitter:label1\" content=\"Dur\u00e9e de lecture estim\u00e9e\" \/>\n\t<meta name=\"twitter:data1\" content=\"1 minute\" \/>\n<script type=\"application\/ld+json\" class=\"yoast-schema-graph\">{\"@context\":\"https:\\\/\\\/schema.org\",\"@graph\":[{\"@type\":\"WebPage\",\"@id\":\"https:\\\/\\\/www.studio66online.it\\\/job-openings\\\/\",\"url\":\"https:\\\/\\\/www.studio66online.it\\\/job-openings\\\/\",\"name\":\"Jobs - Studio66online\",\"isPartOf\":{\"@id\":\"https:\\\/\\\/www.studio66online.it\\\/#website\"},\"datePublished\":\"2022-04-14T13:34:59+00:00\",\"dateModified\":\"2025-04-28T13:37:05+00:00\",\"breadcrumb\":{\"@id\":\"https:\\\/\\\/www.studio66online.it\\\/job-openings\\\/#breadcrumb\"},\"inLanguage\":\"fr-FR\",\"potentialAction\":[{\"@type\":\"ReadAction\",\"target\":[\"https:\\\/\\\/www.studio66online.it\\\/job-openings\\\/\"]}]},{\"@type\":\"BreadcrumbList\",\"@id\":\"https:\\\/\\\/www.studio66online.it\\\/job-openings\\\/#breadcrumb\",\"itemListElement\":[{\"@type\":\"ListItem\",\"position\":1,\"name\":\"Home\",\"item\":\"https:\\\/\\\/www.studio66online.it\\\/\"},{\"@type\":\"ListItem\",\"position\":2,\"name\":\"Jobs\"}]},{\"@type\":\"WebSite\",\"@id\":\"https:\\\/\\\/www.studio66online.it\\\/#website\",\"url\":\"https:\\\/\\\/www.studio66online.it\\\/\",\"name\":\"Studio66online\",\"description\":\"Pergole bioclimatiche e Outdoor Design\",\"publisher\":{\"@id\":\"https:\\\/\\\/www.studio66online.it\\\/#organization\"},\"potentialAction\":[{\"@type\":\"SearchAction\",\"target\":{\"@type\":\"EntryPoint\",\"urlTemplate\":\"https:\\\/\\\/www.studio66online.it\\\/?s={search_term_string}\"},\"query-input\":{\"@type\":\"PropertyValueSpecification\",\"valueRequired\":true,\"valueName\":\"search_term_string\"}}],\"inLanguage\":\"fr-FR\"},{\"@type\":\"Organization\",\"@id\":\"https:\\\/\\\/www.studio66online.it\\\/#organization\",\"name\":\"Studio 66 online\",\"url\":\"https:\\\/\\\/www.studio66online.it\\\/\",\"logo\":{\"@type\":\"ImageObject\",\"inLanguage\":\"fr-FR\",\"@id\":\"https:\\\/\\\/www.studio66online.it\\\/#\\\/schema\\\/logo\\\/image\\\/\",\"url\":\"https:\\\/\\\/www.studio66online.it\\\/wp-content\\\/uploads\\\/2022\\\/08\\\/LOGO-STUDIO66-MD.png\",\"contentUrl\":\"https:\\\/\\\/www.studio66online.it\\\/wp-content\\\/uploads\\\/2022\\\/08\\\/LOGO-STUDIO66-MD.png\",\"width\":279,\"height\":97,\"caption\":\"Studio 66 online\"},\"image\":{\"@id\":\"https:\\\/\\\/www.studio66online.it\\\/#\\\/schema\\\/logo\\\/image\\\/\"},\"sameAs\":[\"https:\\\/\\\/www.facebook.com\\\/coperturebioclimaticheStudio66\",\"https:\\\/\\\/www.instagram.com\\\/studio66italia\\\/\",\"https:\\\/\\\/it.linkedin.com\\\/company\\\/studio66-srl\",\"https:\\\/\\\/www.pinterest.it\\\/sstudiosessantasei\\\/_created\\\/\"]}]}<\/script>\n<!-- \/ Yoast SEO plugin. -->","yoast_head_json":{"title":"Jobs - Studio66online","robots":{"index":"noindex","follow":"follow"},"og_locale":"fr_FR","og_type":"article","og_title":"Jobs - Studio66online","og_url":"https:\/\/www.studio66online.it\/fr\/offres-demploi\/","og_site_name":"Studio66online","article_publisher":"https:\/\/www.facebook.com\/coperturebioclimaticheStudio66","article_modified_time":"2025-04-28T13:37:05+00:00","twitter_card":"summary_large_image","twitter_misc":{"Dur\u00e9e de lecture estim\u00e9e":"1 minute"},"schema":{"@context":"https:\/\/schema.org","@graph":[{"@type":"WebPage","@id":"https:\/\/www.studio66online.it\/job-openings\/","url":"https:\/\/www.studio66online.it\/job-openings\/","name":"Jobs - Studio66online","isPartOf":{"@id":"https:\/\/www.studio66online.it\/#website"},"datePublished":"2022-04-14T13:34:59+00:00","dateModified":"2025-04-28T13:37:05+00:00","breadcrumb":{"@id":"https:\/\/www.studio66online.it\/job-openings\/#breadcrumb"},"inLanguage":"fr-FR","potentialAction":[{"@type":"ReadAction","target":["https:\/\/www.studio66online.it\/job-openings\/"]}]},{"@type":"BreadcrumbList","@id":"https:\/\/www.studio66online.it\/job-openings\/#breadcrumb","itemListElement":[{"@type":"ListItem","position":1,"name":"Home","item":"https:\/\/www.studio66online.it\/"},{"@type":"ListItem","position":2,"name":"Jobs"}]},{"@type":"WebSite","@id":"https:\/\/www.studio66online.it\/#website","url":"https:\/\/www.studio66online.it\/","name":"Studio66online","description":"Pergole bioclimatiche e Outdoor Design","publisher":{"@id":"https:\/\/www.studio66online.it\/#organization"},"potentialAction":[{"@type":"SearchAction","target":{"@type":"EntryPoint","urlTemplate":"https:\/\/www.studio66online.it\/?s={search_term_string}"},"query-input":{"@type":"PropertyValueSpecification","valueRequired":true,"valueName":"search_term_string"}}],"inLanguage":"fr-FR"},{"@type":"Organization","@id":"https:\/\/www.studio66online.it\/#organization","name":"Studio 66 online","url":"https:\/\/www.studio66online.it\/","logo":{"@type":"ImageObject","inLanguage":"fr-FR","@id":"https:\/\/www.studio66online.it\/#\/schema\/logo\/image\/","url":"https:\/\/www.studio66online.it\/wp-content\/uploads\/2022\/08\/LOGO-STUDIO66-MD.png","contentUrl":"https:\/\/www.studio66online.it\/wp-content\/uploads\/2022\/08\/LOGO-STUDIO66-MD.png","width":279,"height":97,"caption":"Studio 66 online"},"image":{"@id":"https:\/\/www.studio66online.it\/#\/schema\/logo\/image\/"},"sameAs":["https:\/\/www.facebook.com\/coperturebioclimaticheStudio66","https:\/\/www.instagram.com\/studio66italia\/","https:\/\/it.linkedin.com\/company\/studio66-srl","https:\/\/www.pinterest.it\/sstudiosessantasei\/_created\/"]}]}},"_links":{"self":[{"href":"https:\/\/www.studio66online.it\/fr\/wp-json\/wp\/v2\/pages\/1301","targetHints":{"allow":["GET"]}}],"collection":[{"href":"https:\/\/www.studio66online.it\/fr\/wp-json\/wp\/v2\/pages"}],"about":[{"href":"https:\/\/www.studio66online.it\/fr\/wp-json\/wp\/v2\/types\/page"}],"author":[{"embeddable":true,"href":"https:\/\/www.studio66online.it\/fr\/wp-json\/wp\/v2\/users\/2"}],"replies":[{"embeddable":true,"href":"https:\/\/www.studio66online.it\/fr\/wp-json\/wp\/v2\/comments?post=1301"}],"version-history":[{"count":1,"href":"https:\/\/www.studio66online.it\/fr\/wp-json\/wp\/v2\/pages\/1301\/revisions"}],"predecessor-version":[{"id":33335,"href":"https:\/\/www.studio66online.it\/fr\/wp-json\/wp\/v2\/pages\/1301\/revisions\/33335"}],"wp:attachment":[{"href":"https:\/\/www.studio66online.it\/fr\/wp-json\/wp\/v2\/media?parent=1301"}],"curies":[{"name":"wp","href":"https:\/\/api.w.org\/{rel}","templated":true}]}}