{"id":3,"date":"2022-02-18T17:30:47","date_gmt":"2022-02-18T17:30:47","guid":{"rendered":"https:\/\/www.studio66online.it\/?page_id=3"},"modified":"2025-04-28T15:39:28","modified_gmt":"2025-04-28T13:39:28","slug":"privacy-policy","status":"publish","type":"page","link":"https:\/\/www.studio66online.it\/fr\/politique-de-confidentialite\/","title":{"rendered":"Politique De Confidentialit\u00e9"},"content":{"rendered":"<div class=\"wpb-content-wrapper\"><div class=\"vc_row wpb_row vc_row-fluid\"><div class=\"wpb_column vc_column_container vc_col-sm-12\"><div class=\"vc_column-inner\"><div class=\"wpb_wrapper\"><div class=\"vc_row wpb_row vc_inner vc_row-fluid padding-laterale vc_custom_1649079602694\"><div class=\"wpb_column vc_column_container vc_col-sm-12\"><div class=\"vc_column-inner\"><div class=\"wpb_wrapper\">\n\t<div class=\"wpb_text_column wpb_content_element\" >\n\t\t<div class=\"wpb_wrapper\">\n\t\t\t<h2 class=\"ql-align-justify\"><strong>Informations sur le traitement des donn\u00e9es personnelles conform\u00e9ment au r\u00e8glement (UE) 2016\/679 du Parlement europ\u00e9en et du Conseil du 27 avril 2016 (RGPD). En vigueur depuis le 28\/09\/2022<\/strong><\/h2>\n<p><strong>PR\u00c9MISSE<\/strong><\/p>\n<p>Ces informations tiennent compte des dispositions du GDPR et du Code de la confidentialit\u00e9 (d\u00e9cret l\u00e9gislatif 30 juin 2003 n. 196). Le document a \u00e9galement \u00e9t\u00e9 r\u00e9dig\u00e9 sur la base des directives du garant de la confidentialit\u00e9 (en particulier les directives anti-spam publi\u00e9es par le garant de la confidentialit\u00e9 le 4 juillet 2013).<\/p>\n<p class=\"ql-align-justify\"><strong>Contr\u00f4leur de donn\u00e9es<\/strong>: Lucio Carraro<\/p>\n<p class=\"ql-align-justify\">Site auquel cette politique de confidentialit\u00e9 fait r\u00e9f\u00e9rence : https:\/\/www.studio66online.it\/ (<strong>Placer<\/strong>).<\/p>\n<p class=\"ql-align-justify\">Le responsable du traitement n&#039;a pas d\u00e9sign\u00e9 de DPO (Data Protection Officer). Par cons\u00e9quent, vous pouvez adresser toute demande d&#039;informations directement au responsable du traitement.<\/p>\n<p class=\"ql-align-justify\"><strong>INFORMATIONS G\u00c9N\u00c9RALES<\/strong><\/p>\n<p class=\"ql-align-justify\">Ce document d\u00e9crit comment le Responsable du traitement traite vos donn\u00e9es personnelles fournies sur le Site.<\/p>\n<p class=\"ql-align-justify\">Les principaux traitements de vos donn\u00e9es personnelles sont d\u00e9crits ci-dessous. En particulier, la base juridique du traitement est expliqu\u00e9e, si la fourniture est obligatoire et les cons\u00e9quences du d\u00e9faut de fournir des donn\u00e9es personnelles. Pour mieux d\u00e9crire vos droits, le cas \u00e9ch\u00e9ant, nous avons pr\u00e9cis\u00e9 si et quand un certain traitement de donn\u00e9es personnelles n&#039;est pas effectu\u00e9.<\/p>\n<p class=\"ql-align-justify\"><strong>Inscription sur le Site<\/strong><\/p>\n<p class=\"ql-align-justify\">Le Site n&#039;offre pas la possibilit\u00e9 d&#039;inscription. Par cons\u00e9quent, le responsable du traitement ne traite pas vos donn\u00e9es personnelles \u00e0 cette fin.<\/p>\n<p class=\"ql-align-justify\"><strong>Achats sur le Site<\/strong><\/p>\n<p class=\"ql-align-justify\">Il n&#039;est pas possible d&#039;effectuer des achats sur le Site. Par cons\u00e9quent, vos donn\u00e9es personnelles ne seront pas trait\u00e9es \u00e0 cette fin.Le responsable du traitement ne traite pas les donn\u00e9es de l&#039;utilisateur pour envoyer des e-mails de &quot;rappel&quot; pour l&#039;achat de produits et\/ou services du responsable du traitement.<\/p>\n<p class=\"ql-align-justify\"><strong>R\u00e9pondre \u00e0 vos demandes<\/strong><\/p>\n<p class=\"ql-align-justify\">Vos donn\u00e9es seront trait\u00e9es pour r\u00e9pondre \u00e0 vos demandes d&#039;informations. La fourniture est facultative, mais votre refus emp\u00eachera le responsable du traitement de r\u00e9pondre \u00e0 vos questions. La base juridique du traitement est l&#039;int\u00e9r\u00eat l\u00e9gitime du responsable du traitement \u00e0 donner suite aux demandes de l&#039;utilisateur. Cet int\u00e9r\u00eat l\u00e9gitime \u00e9quivaut \u00e0 l&#039;int\u00e9r\u00eat de l&#039;utilisateur \u00e0 recevoir des r\u00e9ponses aux communications envoy\u00e9es au responsable du traitement.<\/p>\n<p class=\"ql-align-justify\"><strong>Commercialisation g\u00e9n\u00e9rique<\/strong><\/p>\n<p class=\"ql-align-justify\">Avec votre consentement, le responsable du traitement peut traiter les donn\u00e9es personnelles que vous avez fournies afin de vous envoyer du mat\u00e9riel publicitaire et\/ou des newsletters concernant ses propres produits ou ceux de tiers. La base juridique de ce traitement est votre consentement. La fourniture de donn\u00e9es personnelles \u00e0 cette fin est purement facultative. Le fait de ne pas consentir au traitement des donn\u00e9es \u00e0 des fins de marketing entra\u00eenera l&#039;impossibilit\u00e9 pour vous de recevoir du mat\u00e9riel publicitaire relatif aux produits\/services du responsable du traitement et\/ou de tiers ainsi que l&#039;impossibilit\u00e9 pour le responsable du traitement de r\u00e9aliser des \u00e9tudes de march\u00e9 , visant \u00e9galement \u00e0 \u00e9valuer le degr\u00e9 de satisfaction des utilisateurs, ainsi qu&#039;\u00e0 vous envoyer des newsletters. Ces communications seront envoy\u00e9es \u00e0 l&#039;adresse e-mail que vous avez fournie sur le Site.<\/p>\n<p class=\"ql-align-justify\"><strong>Profilage<\/strong><\/p>\n<p class=\"ql-align-justify\">Le responsable du traitement n&#039;effectue pas de &quot;profilage&quot; avec vos donn\u00e9es personnelles. Par cons\u00e9quent, il ne vous enverra pas de mat\u00e9riel publicitaire et \/ ou de newsletters concernant ses propres produits ou ceux de tiers qui vous int\u00e9ressent sp\u00e9cifiquement.<\/p>\n<p class=\"ql-align-justify\"><strong>Transfert de donn\u00e9es<\/strong><\/p>\n<p class=\"ql-align-justify\">Le responsable du traitement ne transf\u00e8re pas vos donn\u00e9es personnelles \u00e0 des tiers.<\/p>\n<p class=\"ql-align-justify\"><strong>G\u00e9olocalisation<\/strong><\/p>\n<p class=\"ql-align-justify\">Le Site ne met pas en \u0153uvre d&#039;outils de g\u00e9olocalisation de l&#039;adresse IP de l&#039;utilisateur.<\/p>\n<p class=\"ql-align-justify\"><strong>Communication des donn\u00e9es personnelles<\/strong><\/p>\n<p class=\"ql-align-justify\">Dans le cadre de son activit\u00e9 ordinaire, le Responsable du traitement peut communiquer vos donn\u00e9es personnelles \u00e0 certaines cat\u00e9gories de sujets. \u00c0 l&#039;article 2, vous trouverez la liste des sujets auxquels le responsable du traitement communique vos donn\u00e9es personnelles. Pour faciliter la protection de vos droits, l&#039;article 2 peut pr\u00e9ciser dans certains cas quand vos donn\u00e9es ne sont pas divulgu\u00e9es \u00e0 des tiers.<\/p>\n<p class=\"ql-align-justify\">La &quot;communication&quot; de donn\u00e9es personnelles \u00e0 des tiers est diff\u00e9rente du &quot;transfert&quot; (r\u00e9gi par le point pr\u00e9c\u00e9dent). En fait, dans la communication, le tiers auquel les donn\u00e9es sont transmises ne peut les utiliser qu&#039;aux fins sp\u00e9cifiques d\u00e9crites dans la relation avec le responsable du traitement. Dans le transfert, cependant, le tiers devient le propri\u00e9taire du traitement autonome des donn\u00e9es personnelles. De plus, votre consentement est toujours requis pour transf\u00e9rer vos donn\u00e9es personnelles \u00e0 des tiers.<\/p>\n<p class=\"ql-align-justify\">Sans pr\u00e9judice de ce qui pr\u00e9c\u00e8de, il est entendu que le responsable du traitement peut en tout cas utiliser vos donn\u00e9es personnelles pour remplir correctement les obligations \u00e9tablies par les lois en vigueur.<\/p>\n<p class=\"ql-align-justify\"><strong>POLITIQUE DE CONFIDENTIALIT\u00c9 SP\u00c9CIFIQUE<\/strong><\/p>\n<p class=\"ql-align-justify\"><strong>Art.1 M\u00e9thodes de traitement<\/strong><\/p>\n<p class=\"ql-align-justify\">1.1 Le traitement de vos donn\u00e9es personnelles sera principalement effectu\u00e9 \u00e0 l&#039;aide de moyens \u00e9lectroniques ou automatis\u00e9s, de la mani\u00e8re et avec les outils appropri\u00e9s pour garantir sa s\u00e9curit\u00e9 et sa confidentialit\u00e9 conform\u00e9ment au RGPD.<\/p>\n<p class=\"ql-align-justify\">1.2 Les informations acquises et les m\u00e9thodes de traitement seront pertinentes et non excessives par rapport au type de services rendus. Vos donn\u00e9es seront \u00e9galement g\u00e9r\u00e9es et prot\u00e9g\u00e9es dans des environnements informatiques s\u00e9curis\u00e9s adapt\u00e9s aux circonstances.<\/p>\n<p class=\"ql-align-justify\">1.3 Aucune &quot;donn\u00e9e particuli\u00e8re&quot; n&#039;est trait\u00e9e via le Site. Sont notamment donn\u00e9es celles qui peuvent r\u00e9v\u00e9ler l&#039;origine raciale et ethnique, les convictions religieuses, philosophiques ou autres, les opinions politiques, l&#039;appartenance \u00e0 des partis, syndicats, associations ou organisations \u00e0 caract\u00e8re religieux, philosophique, politique ou syndical, l&#039;\u00e9tat de sant\u00e9 et de sexualit\u00e9 la vie.<\/p>\n<p class=\"ql-align-justify\">1.4 Les donn\u00e9es judiciaires ne sont pas trait\u00e9es via le Site.<\/p>\n<p class=\"ql-align-justify\"><strong>Art.2 Communication des donn\u00e9es personnelles<\/strong><\/p>\n<p class=\"ql-align-justify\">Le responsable du traitement peut communiquer vos donn\u00e9es personnelles \u00e0 des cat\u00e9gories sp\u00e9cifiques de sujets. Voici les sujets auxquels le responsable du traitement se r\u00e9serve le droit de communiquer vos donn\u00e9es\u00a0:<\/p>\n<ul>\n<li class=\"ql-align-justify\">Le responsable du traitement peut communiquer vos donn\u00e9es personnelles \u00e0 tous les sujets (y compris les autorit\u00e9s publiques) qui ont acc\u00e8s aux donn\u00e9es personnelles en vertu de dispositions r\u00e9glementaires ou administratives.<\/li>\n<li class=\"ql-align-justify\">Vos donn\u00e9es personnelles peuvent \u00e9galement \u00eatre divulgu\u00e9es \u00e0 tous ces sujets publics et \/ ou priv\u00e9s, personnes physiques et \/ ou morales (cabinets de conseils juridiques, administratifs et fiscaux, bureaux judiciaires, chambres de commerce, chambres et offices du travail, etc.) , si le la communication est n\u00e9cessaire ou fonctionnelle pour la bonne ex\u00e9cution des obligations d\u00e9coulant de la loi.<\/li>\n<li class=\"ql-align-justify\">Le responsable du traitement fait appel \u00e0 des employ\u00e9s et \/ ou des collaborateurs \u00e0 quelque titre que ce soit. Pour le bon fonctionnement du Site, le Responsable du traitement pourra communiquer vos donn\u00e9es personnelles \u00e0 ces employ\u00e9s et\/ou collaborateurs.<\/li>\n<li class=\"ql-align-justify\">Dans son activit\u00e9 ordinaire de gestion du Site, le Responsable du traitement fait appel \u00e0 des soci\u00e9t\u00e9s, consultants ou professionnels charg\u00e9s de l&#039;installation, de la maintenance, de la mise \u00e0 jour et, en g\u00e9n\u00e9ral, de la gestion du mat\u00e9riel et des logiciels du Responsable du traitement ou dont le ce dernier l&#039;utilise pour la fourniture de ses services. Par cons\u00e9quent, uniquement en r\u00e9f\u00e9rence \u00e0 ces finalit\u00e9s, vos donn\u00e9es peuvent \u00e9galement \u00eatre trait\u00e9es par ces sujets.<\/li>\n<li class=\"ql-align-justify\">Le Responsable du traitement n&#039;utilise pas de plateformes CRM (soci\u00e9t\u00e9s qui exercent notamment l&#039;activit\u00e9 d&#039;envoi de communications automatis\u00e9es aux utilisateurs). Par cons\u00e9quent, vos donn\u00e9es personnelles ne sont pas divulgu\u00e9es \u00e0 ces soci\u00e9t\u00e9s.<\/li>\n<li class=\"ql-align-justify\">Le responsable du traitement des donn\u00e9es n&#039;utilise pas de soci\u00e9t\u00e9s externes pour fournir le service d&#039;assistance \u00e0 la client\u00e8le.<\/li>\n<\/ul>\n<p class=\"ql-align-justify\">Le responsable du traitement se r\u00e9serve le droit de modifier la liste susmentionn\u00e9e en fonction de ses op\u00e9rations ordinaires. Par cons\u00e9quent, vous \u00eates invit\u00e9 \u00e0 acc\u00e9der r\u00e9guli\u00e8rement \u00e0 ces informations pour v\u00e9rifier \u00e0 quelles personnes le responsable du traitement communique vos donn\u00e9es personnelles.<\/p>\n<p class=\"ql-align-justify\"><strong>Art.3 Conservation des donn\u00e9es personnelles<\/strong><\/p>\n<p class=\"ql-align-justify\">3.1 Cet article d\u00e9crit la dur\u00e9e pendant laquelle le responsable du traitement se r\u00e9serve le droit de conserver vos donn\u00e9es personnelles.<\/p>\n<ul>\n<li>Vos donn\u00e9es personnelles ne seront conserv\u00e9es que le temps n\u00e9cessaire pour garantir la bonne ex\u00e9cution des services propos\u00e9s via le Site.<\/li>\n<\/ul>\n<p>&nbsp;<\/p>\n<p class=\"ql-align-justify\">3.2 Sans pr\u00e9judice des dispositions de l&#039;article 3.1, le responsable du traitement peut conserver vos donn\u00e9es personnelles pendant la dur\u00e9e requise par une r\u00e9glementation sp\u00e9cifique, telle que modifi\u00e9e de temps \u00e0 autre.<\/p>\n<p class=\"ql-align-justify\"><strong>Art.4 Transfert de donn\u00e9es personnelles<\/strong><\/p>\n<p class=\"ql-align-justify\">4.1 Le responsable du traitement est bas\u00e9 au sein de l&#039;Union europ\u00e9enne. Par cons\u00e9quent, le traitement de vos donn\u00e9es est s\u00e9curis\u00e9 d&#039;un point de vue r\u00e9glementaire car r\u00e9gi par le RGPD. Si le transfert de vos donn\u00e9es personnelles a lieu dans un pays non membre de l&#039;UE et pour lequel la Commission europ\u00e9enne a \u00e9mis un jugement d&#039;ad\u00e9quation, le transfert est en tout cas consid\u00e9r\u00e9 comme s\u00fbr d&#039;un point de vue r\u00e9glementaire. Cet article 4.1 indique de temps \u00e0 autre les pays vers lesquels vos donn\u00e9es personnelles peuvent \u00e9ventuellement \u00eatre transf\u00e9r\u00e9es et o\u00f9 la Commission europ\u00e9enne a \u00e9mis un avis d&#039;ad\u00e9quation.<\/p>\n<ul>\n<li>L&#039;utilisateur est donc invit\u00e9 \u00e0 acc\u00e9der r\u00e9guli\u00e8rement \u00e0 cet article pour v\u00e9rifier si le transfert de vos donn\u00e9es personnelles a lieu dans un pays pr\u00e9sentant ces caract\u00e9ristiques.<\/li>\n<\/ul>\n<p>&nbsp;<\/p>\n<p class=\"ql-align-justify\">4.2 Sans pr\u00e9judice des dispositions de l&#039;article 4.1, vos donn\u00e9es peuvent \u00e9galement \u00eatre transf\u00e9r\u00e9es vers des pays hors UE et pour lesquels la Commission europ\u00e9enne n&#039;a pas \u00e9mis de jugement d&#039;ad\u00e9quation. Vous \u00eates donc invit\u00e9 \u00e0 consulter r\u00e9guli\u00e8rement cet article 4.2 pour savoir vers lesquels de ces pays vos donn\u00e9es peuvent \u00eatre transf\u00e9r\u00e9es.<\/p>\n<p class=\"ql-align-justify\">4.3 Dans cet article, le responsable du traitement indique les pays dans lesquels il peut sp\u00e9cifiquement diriger ses activit\u00e9s. Cette circonstance peut impliquer l&#039;application de la l\u00e9gislation du pays de r\u00e9f\u00e9rence, ainsi que celle du RGPD.<\/p>\n<ul>\n<li>\u00c0 la demande de l&#039;utilisateur, le responsable du traitement appliquera au traitement des donn\u00e9es personnelles toute l\u00e9gislation plus favorable pr\u00e9vue par la l\u00e9gislation nationale de l&#039;utilisateur.<\/li>\n<\/ul>\n<p>&nbsp;<\/p>\n<p class=\"ql-align-justify\"><strong>Art. 5. Droits de l&#039;int\u00e9ress\u00e9<\/strong><\/p>\n<p class=\"ql-align-justify\">Conform\u00e9ment \u00e0 l&#039;art. 13 du r\u00e8glement sur la confidentialit\u00e9, le responsable du traitement vous informe que vous avez le droit de\u00a0:<\/p>\n<ul>\n<li class=\"ql-align-justify\">demander au responsable du traitement d&#039;acc\u00e9der \u00e0 vos donn\u00e9es personnelles et de les corriger ou de les annuler ou de limiter leur traitement ou de s&#039;opposer \u00e0 leur traitement, en plus du droit \u00e0 la portabilit\u00e9 des donn\u00e9es<\/li>\n<li class=\"ql-align-justify\">r\u00e9voquer le consentement \u00e0 tout moment sans pr\u00e9judice de la lic\u00e9it\u00e9 du traitement fond\u00e9 sur le consentement donn\u00e9 avant la r\u00e9vocation<\/li>\n<li class=\"ql-align-justify\">proposer une plainte \u00e0 une autorit\u00e9 de contr\u00f4le (par exemple, le Garant pour la protection des donn\u00e9es personnelles).<\/li>\n<\/ul>\n<p class=\"ql-align-justify\">Les droits ci-dessus peuvent \u00eatre exerc\u00e9s sur demande adress\u00e9e sans formalit\u00e9s aux contacts indiqu\u00e9s dans l&#039;Introduction.<\/p>\n<p class=\"ql-align-justify\"><strong>Art. 6. Modifications et divers<\/strong><\/p>\n<p class=\"ql-align-justify\">Le responsable du traitement se r\u00e9serve le droit d&#039;apporter \u00e0 tout moment des modifications \u00e0 ces informations, en donnant une publicit\u00e9 appropri\u00e9e aux utilisateurs du site et en garantissant dans tous les cas une protection ad\u00e9quate et similaire des donn\u00e9es personnelles. Afin de prendre connaissance d&#039;\u00e9ventuelles modifications, vous \u00eates invit\u00e9 \u00e0 consulter r\u00e9guli\u00e8rement ces informations. En cas de modifications substantielles de cette d\u00e9claration de confidentialit\u00e9, le responsable du traitement peut \u00e9galement en informer par e-mail.<\/p>\n\n\t\t<\/div>\n\t<\/div>\n<\/div><\/div><\/div><\/div><\/div><\/div><\/div><\/div>\n<\/div>","protected":false},"excerpt":{"rendered":"<p>Informations sur le traitement des donn\u00e9es personnelles conform\u00e9ment au r\u00e8glement (UE) 2016\/679 du Parlement europ\u00e9en et du Conseil du 27 avril 2016 (RGPD). En vigueur \u00e0 partir du 28\/09\/2022 AVANT-PROPOS Ces informations tiennent compte des dispositions du GDPR et du Code de la confidentialit\u00e9 (d\u00e9cret l\u00e9gislatif 30 juin 2003 n. 196). Le document est r\u00e9dig\u00e9...<\/p>","protected":false},"author":2,"featured_media":0,"parent":0,"menu_order":0,"comment_status":"closed","ping_status":"closed","template":"","meta":{"om_disable_all_campaigns":false,"_monsterinsights_skip_tracking":false,"_monsterinsights_sitenote_active":false,"_monsterinsights_sitenote_note":"","_monsterinsights_sitenote_category":0,"footnotes":""},"class_list":["post-3","page","type-page","status-publish","hentry","description-off"],"yoast_head":"<!-- This site is optimized with the Yoast SEO plugin v27.3 - https:\/\/yoast.com\/product\/yoast-seo-wordpress\/ -->\n<title>Privacy Policy - Studio66online<\/title>\n<meta name=\"robots\" content=\"noindex, follow\" \/>\n<meta property=\"og:locale\" content=\"fr_FR\" \/>\n<meta property=\"og:type\" content=\"article\" \/>\n<meta property=\"og:title\" content=\"Privacy Policy - Studio66online\" \/>\n<meta property=\"og:url\" content=\"https:\/\/www.studio66online.it\/fr\/politique-de-confidentialite\/\" \/>\n<meta property=\"og:site_name\" content=\"Studio66online\" \/>\n<meta property=\"article:publisher\" content=\"https:\/\/www.facebook.com\/coperturebioclimaticheStudio66\" \/>\n<meta property=\"article:modified_time\" content=\"2025-04-28T13:39:28+00:00\" \/>\n<meta name=\"twitter:card\" content=\"summary_large_image\" \/>\n<meta name=\"twitter:label1\" content=\"Dur\u00e9e de lecture estim\u00e9e\" \/>\n\t<meta name=\"twitter:data1\" content=\"9 minutes\" \/>\n<script type=\"application\/ld+json\" class=\"yoast-schema-graph\">{\"@context\":\"https:\\\/\\\/schema.org\",\"@graph\":[{\"@type\":\"WebPage\",\"@id\":\"https:\\\/\\\/www.studio66online.it\\\/privacy-policy\\\/\",\"url\":\"https:\\\/\\\/www.studio66online.it\\\/privacy-policy\\\/\",\"name\":\"Privacy Policy - Studio66online\",\"isPartOf\":{\"@id\":\"https:\\\/\\\/www.studio66online.it\\\/#website\"},\"datePublished\":\"2022-02-18T17:30:47+00:00\",\"dateModified\":\"2025-04-28T13:39:28+00:00\",\"breadcrumb\":{\"@id\":\"https:\\\/\\\/www.studio66online.it\\\/privacy-policy\\\/#breadcrumb\"},\"inLanguage\":\"fr-FR\",\"potentialAction\":[{\"@type\":\"ReadAction\",\"target\":[\"https:\\\/\\\/www.studio66online.it\\\/privacy-policy\\\/\"]}]},{\"@type\":\"BreadcrumbList\",\"@id\":\"https:\\\/\\\/www.studio66online.it\\\/privacy-policy\\\/#breadcrumb\",\"itemListElement\":[{\"@type\":\"ListItem\",\"position\":1,\"name\":\"Home\",\"item\":\"https:\\\/\\\/www.studio66online.it\\\/\"},{\"@type\":\"ListItem\",\"position\":2,\"name\":\"Privacy Policy\"}]},{\"@type\":\"WebSite\",\"@id\":\"https:\\\/\\\/www.studio66online.it\\\/#website\",\"url\":\"https:\\\/\\\/www.studio66online.it\\\/\",\"name\":\"Studio66online\",\"description\":\"Pergole bioclimatiche e Outdoor Design\",\"publisher\":{\"@id\":\"https:\\\/\\\/www.studio66online.it\\\/#organization\"},\"potentialAction\":[{\"@type\":\"SearchAction\",\"target\":{\"@type\":\"EntryPoint\",\"urlTemplate\":\"https:\\\/\\\/www.studio66online.it\\\/?s={search_term_string}\"},\"query-input\":{\"@type\":\"PropertyValueSpecification\",\"valueRequired\":true,\"valueName\":\"search_term_string\"}}],\"inLanguage\":\"fr-FR\"},{\"@type\":\"Organization\",\"@id\":\"https:\\\/\\\/www.studio66online.it\\\/#organization\",\"name\":\"Studio 66 online\",\"url\":\"https:\\\/\\\/www.studio66online.it\\\/\",\"logo\":{\"@type\":\"ImageObject\",\"inLanguage\":\"fr-FR\",\"@id\":\"https:\\\/\\\/www.studio66online.it\\\/#\\\/schema\\\/logo\\\/image\\\/\",\"url\":\"https:\\\/\\\/www.studio66online.it\\\/wp-content\\\/uploads\\\/2022\\\/08\\\/LOGO-STUDIO66-MD.png\",\"contentUrl\":\"https:\\\/\\\/www.studio66online.it\\\/wp-content\\\/uploads\\\/2022\\\/08\\\/LOGO-STUDIO66-MD.png\",\"width\":279,\"height\":97,\"caption\":\"Studio 66 online\"},\"image\":{\"@id\":\"https:\\\/\\\/www.studio66online.it\\\/#\\\/schema\\\/logo\\\/image\\\/\"},\"sameAs\":[\"https:\\\/\\\/www.facebook.com\\\/coperturebioclimaticheStudio66\",\"https:\\\/\\\/www.instagram.com\\\/studio66italia\\\/\",\"https:\\\/\\\/it.linkedin.com\\\/company\\\/studio66-srl\",\"https:\\\/\\\/www.pinterest.it\\\/sstudiosessantasei\\\/_created\\\/\"]}]}<\/script>\n<!-- \/ Yoast SEO plugin. -->","yoast_head_json":{"title":"Privacy Policy - Studio66online","robots":{"index":"noindex","follow":"follow"},"og_locale":"fr_FR","og_type":"article","og_title":"Privacy Policy - Studio66online","og_url":"https:\/\/www.studio66online.it\/fr\/politique-de-confidentialite\/","og_site_name":"Studio66online","article_publisher":"https:\/\/www.facebook.com\/coperturebioclimaticheStudio66","article_modified_time":"2025-04-28T13:39:28+00:00","twitter_card":"summary_large_image","twitter_misc":{"Dur\u00e9e de lecture estim\u00e9e":"9 minutes"},"schema":{"@context":"https:\/\/schema.org","@graph":[{"@type":"WebPage","@id":"https:\/\/www.studio66online.it\/privacy-policy\/","url":"https:\/\/www.studio66online.it\/privacy-policy\/","name":"Privacy Policy - Studio66online","isPartOf":{"@id":"https:\/\/www.studio66online.it\/#website"},"datePublished":"2022-02-18T17:30:47+00:00","dateModified":"2025-04-28T13:39:28+00:00","breadcrumb":{"@id":"https:\/\/www.studio66online.it\/privacy-policy\/#breadcrumb"},"inLanguage":"fr-FR","potentialAction":[{"@type":"ReadAction","target":["https:\/\/www.studio66online.it\/privacy-policy\/"]}]},{"@type":"BreadcrumbList","@id":"https:\/\/www.studio66online.it\/privacy-policy\/#breadcrumb","itemListElement":[{"@type":"ListItem","position":1,"name":"Home","item":"https:\/\/www.studio66online.it\/"},{"@type":"ListItem","position":2,"name":"Privacy Policy"}]},{"@type":"WebSite","@id":"https:\/\/www.studio66online.it\/#website","url":"https:\/\/www.studio66online.it\/","name":"Studio66online","description":"Pergole bioclimatiche e Outdoor Design","publisher":{"@id":"https:\/\/www.studio66online.it\/#organization"},"potentialAction":[{"@type":"SearchAction","target":{"@type":"EntryPoint","urlTemplate":"https:\/\/www.studio66online.it\/?s={search_term_string}"},"query-input":{"@type":"PropertyValueSpecification","valueRequired":true,"valueName":"search_term_string"}}],"inLanguage":"fr-FR"},{"@type":"Organization","@id":"https:\/\/www.studio66online.it\/#organization","name":"Studio 66 online","url":"https:\/\/www.studio66online.it\/","logo":{"@type":"ImageObject","inLanguage":"fr-FR","@id":"https:\/\/www.studio66online.it\/#\/schema\/logo\/image\/","url":"https:\/\/www.studio66online.it\/wp-content\/uploads\/2022\/08\/LOGO-STUDIO66-MD.png","contentUrl":"https:\/\/www.studio66online.it\/wp-content\/uploads\/2022\/08\/LOGO-STUDIO66-MD.png","width":279,"height":97,"caption":"Studio 66 online"},"image":{"@id":"https:\/\/www.studio66online.it\/#\/schema\/logo\/image\/"},"sameAs":["https:\/\/www.facebook.com\/coperturebioclimaticheStudio66","https:\/\/www.instagram.com\/studio66italia\/","https:\/\/it.linkedin.com\/company\/studio66-srl","https:\/\/www.pinterest.it\/sstudiosessantasei\/_created\/"]}]}},"_links":{"self":[{"href":"https:\/\/www.studio66online.it\/fr\/wp-json\/wp\/v2\/pages\/3","targetHints":{"allow":["GET"]}}],"collection":[{"href":"https:\/\/www.studio66online.it\/fr\/wp-json\/wp\/v2\/pages"}],"about":[{"href":"https:\/\/www.studio66online.it\/fr\/wp-json\/wp\/v2\/types\/page"}],"author":[{"embeddable":true,"href":"https:\/\/www.studio66online.it\/fr\/wp-json\/wp\/v2\/users\/2"}],"replies":[{"embeddable":true,"href":"https:\/\/www.studio66online.it\/fr\/wp-json\/wp\/v2\/comments?post=3"}],"version-history":[{"count":1,"href":"https:\/\/www.studio66online.it\/fr\/wp-json\/wp\/v2\/pages\/3\/revisions"}],"predecessor-version":[{"id":11080,"href":"https:\/\/www.studio66online.it\/fr\/wp-json\/wp\/v2\/pages\/3\/revisions\/11080"}],"wp:attachment":[{"href":"https:\/\/www.studio66online.it\/fr\/wp-json\/wp\/v2\/media?parent=3"}],"curies":[{"name":"wp","href":"https:\/\/api.w.org\/{rel}","templated":true}]}}