{"id":3679,"date":"2022-06-07T11:11:43","date_gmt":"2022-06-07T09:11:43","guid":{"rendered":"https:\/\/www.studio66online.it\/?page_id=3679"},"modified":"2025-10-20T14:32:14","modified_gmt":"2025-10-20T12:32:14","slug":"cookie-policy","status":"publish","type":"page","link":"https:\/\/www.studio66online.it\/fr\/cookie-policy\/","title":{"rendered":"Politique relative aux cookies"},"content":{"rendered":"<div class=\"wpb-content-wrapper\"><div class=\"vc_row wpb_row vc_row-fluid\"><div class=\"wpb_column vc_column_container vc_col-sm-12\"><div class=\"vc_column-inner\"><div class=\"wpb_wrapper\"><div class=\"vc_row wpb_row vc_inner vc_row-fluid padding-laterale vc_custom_1649079602694\"><div class=\"wpb_column vc_column_container vc_col-sm-12\"><div class=\"vc_column-inner\"><div class=\"wpb_wrapper\">\n\t<div class=\"wpb_text_column wpb_content_element\" >\n\t\t<div class=\"wpb_wrapper\">\n\t\t\t<h2 class=\"ql-align-justify\"><strong>Informations d\u00e9taill\u00e9es sur l&#039;utilisation des cookies. En vigueur depuis le 28\/09\/22<\/strong><\/h2>\n<p><strong>PR\u00c9MISSE<\/strong><\/p>\n<p>Cette politique de cookies est fournie pour le site https:\/\/www.studio66online.it\/ (<strong>Placer<\/strong>). Le document a \u00e9t\u00e9 r\u00e9dig\u00e9 en tenant compte des dispositions du R\u00e8glement europ\u00e9en 679\/2016 sur la protection des donn\u00e9es personnelles (<strong>RGPD<\/strong>), le Code de confidentialit\u00e9 (d\u00e9cret l\u00e9gislatif 30 juin 2003 n. 196) et les directives du garant de la confidentialit\u00e9 (en particulier les directives sur l&#039;utilisation des cookies publi\u00e9es le 10 juillet 2021).<\/p>\n<p class=\"ql-align-justify\"><strong>Contr\u00f4leur de donn\u00e9es<\/strong>: Lucio Carraro<\/p>\n<p class=\"ql-align-justify\"><strong>INFORMATIONS G\u00c9N\u00c9RALES<\/strong><\/p>\n<h4 class=\"ql-align-justify\"><strong>Que sont les cookies et \u00e0 quoi servent-ils<\/strong><\/h4>\n<p class=\"ql-align-justify\">Un cookie est un fichier texte qu&#039;un site Internet visit\u00e9 par l&#039;utilisateur envoie \u00e0 son terminal (ordinateur, appareil mobile tel que smartphone ou tablette), o\u00f9 il est stock\u00e9 avant d&#039;\u00eatre retransmis \u00e0 ce site lors d&#039;une visite ult\u00e9rieure sur le site lui-m\u00eame.<\/p>\n<p class=\"ql-align-justify\">Les cookies se distinguent les uns des autres :<\/p>\n<ul>\n<li class=\"ql-align-justify\">sur la base de la personne qui les installe, selon qu&#039;il s&#039;agit du m\u00eame op\u00e9rateur du site visit\u00e9 (appel\u00e9s \u00ab\u00a0cookies propri\u00e9taires\u00a0\u00bb) ou d&#039;un sujet diff\u00e9rent (appel\u00e9s \u00ab\u00a0cookies tiers\u00a0\u00bb)\u00a0;<\/li>\n<li class=\"ql-align-justify\">en fonction de la finalit\u00e9 de chaque cookie : certains cookies permettent une meilleure navigation, m\u00e9morisant certains choix de l&#039;utilisateur, par exemple la langue (appel\u00e9s &quot;cookies techniques&quot;), d&#039;autres cookies permettent de suivre la navigation de l&#039;utilisateur \u00e9galement dans le but d&#039;envoyer de la publicit\u00e9 et \/ ou proposer des services en ligne avec vos pr\u00e9f\u00e9rences (appel\u00e9s &quot;cookies de profilage&quot;).<\/li>\n<\/ul>\n<p class=\"ql-align-justify\">Seuls les cookies de profilage n\u00e9cessitent le consentement pr\u00e9alable de l&#039;utilisateur pour les utiliser.<\/p>\n<p class=\"ql-align-justify\">Le responsable du traitement est seul responsable des cookies de premi\u00e8re partie install\u00e9s par celui-ci sur le site.<\/p>\n<p class=\"ql-align-justify\">Vers la rubrique &quot;<strong>Cookies techniques propri\u00e9taires<\/strong>&quot;Vous pouvez voir les types de cookies techniques de premi\u00e8re partie publi\u00e9s par le Site.<\/p>\n<p class=\"ql-align-justify\">La gestion des cookies de profilage est d\u00e9crite dans la rubrique &quot;<strong>Cookies de profilage tiers<\/strong>&#8220;.<\/p>\n<p>Cependant, vous pouvez \u00e9galement activer\/d\u00e9sactiver les cookies via les options de votre navigateur\u00a0:<\/p>\n<p><strong>Internet Explorer<\/strong><\/p>\n<p>Entrez dans le menu\u00a0<strong>Instruments<\/strong>, puis un\u00a0<strong>Choix<\/strong>\u00a0<strong>l&#039;Internet<\/strong>.<\/p>\n<p>Cliquer sur\u00a0<strong>Intimit\u00e9<\/strong>, puis sur\u00a0<strong>Avanc\u00e9<\/strong>.<\/p>\n<p>Dans la fen\u00eatre\u00a0<strong>Biscuits<\/strong>, s\u00e9lectionnez vos pr\u00e9f\u00e9rences.<\/p>\n<p><strong>Google Chrome<\/strong><\/p>\n<p>Cliquer sur\u00a0<strong>Menu chrom\u00e9<\/strong>, correspondant au bouton en haut \u00e0 droite.<\/p>\n<p>Pour s\u00e9lectionner\u00a0<strong>R\u00e9glages<\/strong>, puis clique\u00a0<strong>Avanc\u00e9<\/strong>.<\/p>\n<p>Dans la rubrique\u00a0<strong>Confidentialit\u00e9 et s\u00e9curit\u00e9<\/strong>, cliquez sur le bouton\u00a0<strong>Param\u00e8tres de contenu<\/strong>.<\/p>\n<p>S\u00e9lectionnez vos options pr\u00e9f\u00e9r\u00e9es dans la section\u00a0<strong>Biscuits<\/strong>.<\/p>\n<p><strong>Firefox<\/strong><\/p>\n<p>Cliquer sur\u00a0<strong>Instruments<\/strong>, puis au menu\u00a0<strong>Choix<\/strong>.<\/p>\n<p>Cliquez sur param\u00e8tres\u00a0<strong>Confidentialit\u00e9 et s\u00e9curit\u00e9<\/strong>.<\/p>\n<p>Pour s\u00e9lectionner\u00a0<strong>Utiliser les param\u00e8tres personnalis\u00e9s pour l&#039;historique<\/strong>.<\/p>\n<p>S\u00e9lectionnez vos options pr\u00e9f\u00e9r\u00e9es dans la section\u00a0<strong>Accepter les cookies et les donn\u00e9es des sites Web<\/strong>.<\/p>\n<p><strong>Safari<\/strong><\/p>\n<p>Cliquer sur\u00a0<strong>Safari<\/strong>, puis sur\u00a0<strong>Pr\u00e9f\u00e9rences<\/strong>.<\/p>\n<p>Cliquez sur la rubrique\u00a0<strong>Confidentialit\u00e9 et s\u00e9curit\u00e9<\/strong>.<\/p>\n<p class=\"ql-align-justify\">Monter\u00a0<strong>Bloquer les cookies<\/strong>\u00a0et s\u00e9lectionnez vos options pr\u00e9f\u00e9r\u00e9es.<\/p>\n<p class=\"ql-align-justify\"><strong>Cookies techniques propri\u00e9taires<\/strong><\/p>\n<p class=\"ql-align-justify\">Ces cookies sont n\u00e9cessaires au fonctionnement du Site et ne peuvent pas \u00eatre d\u00e9sactiv\u00e9s. Ils sont g\u00e9n\u00e9ralement d\u00e9finis comme une r\u00e9ponse \u00e0 des actions qui constituent une demande de services, telles que la configuration des pr\u00e9f\u00e9rences en mati\u00e8re de cookies, l&#039;acc\u00e8s ou le remplissage de formulaires, les pr\u00e9f\u00e9rences de navigation.<\/p>\n<ul>\n<li>Le Site \u00e9met des cookies de navigation ou de session qui garantissent une navigation et une utilisation normales du Site.<\/li>\n<li>Sont \u00e9galement utilis\u00e9s des cookies techniques qui permettent de naviguer sur le Site en conservant les choix effectu\u00e9s.<\/li>\n<\/ul>\n<p>&nbsp;<\/p>\n<p class=\"ql-align-justify\"><strong>Cookies de profilage tiers<\/strong><\/p>\n<p class=\"ql-align-justify\">Le Site ne diffuse pas de cookies de profilage, publicitaires ou statistiques.<\/p>\n<p class=\"ql-align-justify\"><strong>Tes droits<\/strong><\/p>\n<p class=\"ql-align-justify\">Conform\u00e9ment \u00e0 l&#039;art. 13 du GDPR, le responsable du traitement vous informe que vous avez le droit de :<\/p>\n<ul>\n<li class=\"ql-align-justify\">demander au responsable du traitement d&#039;acc\u00e9der \u00e0 vos donn\u00e9es personnelles et de les corriger ou de les annuler ou de limiter leur traitement ou de s&#039;opposer \u00e0 leur traitement, en plus du droit \u00e0 la portabilit\u00e9 des donn\u00e9es<\/li>\n<li class=\"ql-align-justify\">r\u00e9voquer le consentement \u00e0 tout moment sans pr\u00e9judice de la lic\u00e9it\u00e9 du traitement fond\u00e9 sur le consentement donn\u00e9 avant la r\u00e9vocation<\/li>\n<li class=\"ql-align-justify\">proposer une plainte \u00e0 une autorit\u00e9 de contr\u00f4le (par exemple, le Garant pour la protection des donn\u00e9es personnelles).<\/li>\n<\/ul>\n<p class=\"ql-align-justify\">Les droits ci-dessus peuvent \u00eatre exerc\u00e9s sur demande adress\u00e9e sans formalit\u00e9s aux contacts indiqu\u00e9s dans l&#039;Introduction.<\/p>\n<p class=\"ql-align-justify\"><strong>Communication de donn\u00e9es<\/strong><\/p>\n<ul>\n<li>Le responsable du traitement ne communique pas les informations provenant de l&#039;utilisation de cookies \u00e0 des tiers.<\/li>\n<\/ul>\n<p>&nbsp;<\/p>\n<p class=\"ql-align-justify\"><strong>Conservation des informations<\/strong><\/p>\n<ul>\n<li>Les donn\u00e9es des cookies techniques sont conserv\u00e9es pendant le temps n\u00e9cessaire pour permettre le service auquel se r\u00e9f\u00e8re le cookie technique unique.<\/li>\n<\/ul>\n\n\t\t<\/div>\n\t<\/div>\n<\/div><\/div><\/div><\/div>\n\t<div class=\"wpb_text_column wpb_content_element\" >\n\t\t<div class=\"wpb_wrapper\">\n\t\t\t<div class=\"cky-audit-table-element\"><\/div>\n\n\t\t<\/div>\n\t<\/div>\n<\/div><\/div><\/div><\/div>\n<\/div>","protected":false},"excerpt":{"rendered":"<p>Informations d\u00e9taill\u00e9es sur l&#039;utilisation des cookies. En vigueur \u00e0 partir du 28\/09\/22 AVANT-PROPOS Cette politique de cookies est fournie pour le site https:\/\/www.studio66online.it\/ (Site). Le document a \u00e9t\u00e9 r\u00e9dig\u00e9 en tenant compte des dispositions du r\u00e8glement europ\u00e9en 679\/2016 sur la protection des donn\u00e9es personnelles (GDPR), du code de la vie priv\u00e9e (d\u00e9cret l\u00e9gislatif 30 juin 2003 n. 196) et ...<\/p>","protected":false},"author":2,"featured_media":0,"parent":0,"menu_order":0,"comment_status":"closed","ping_status":"closed","template":"","meta":{"om_disable_all_campaigns":false,"_monsterinsights_skip_tracking":false,"_monsterinsights_sitenote_active":false,"_monsterinsights_sitenote_note":"","_monsterinsights_sitenote_category":0,"footnotes":""},"class_list":["post-3679","page","type-page","status-publish","hentry","description-off"],"yoast_head":"<!-- This site is optimized with the Yoast SEO plugin v27.3 - https:\/\/yoast.com\/product\/yoast-seo-wordpress\/ -->\n<title>Cookie Policy - Studio66online<\/title>\n<meta name=\"robots\" content=\"noindex, nofollow\" \/>\n<meta property=\"og:locale\" content=\"fr_FR\" \/>\n<meta property=\"og:type\" content=\"article\" \/>\n<meta property=\"og:title\" content=\"Cookie Policy - Studio66online\" \/>\n<meta property=\"og:url\" content=\"https:\/\/www.studio66online.it\/fr\/cookie-policy\/\" \/>\n<meta property=\"og:site_name\" content=\"Studio66online\" \/>\n<meta property=\"article:publisher\" content=\"https:\/\/www.facebook.com\/coperturebioclimaticheStudio66\" \/>\n<meta property=\"article:modified_time\" content=\"2025-10-20T12:32:14+00:00\" \/>\n<meta name=\"twitter:card\" content=\"summary_large_image\" \/>\n<meta name=\"twitter:label1\" content=\"Dur\u00e9e de lecture estim\u00e9e\" \/>\n\t<meta name=\"twitter:data1\" content=\"4 minutes\" \/>\n<script type=\"application\/ld+json\" class=\"yoast-schema-graph\">{\"@context\":\"https:\\\/\\\/schema.org\",\"@graph\":[{\"@type\":\"WebPage\",\"@id\":\"https:\\\/\\\/www.studio66online.it\\\/cookie-policy\\\/\",\"url\":\"https:\\\/\\\/www.studio66online.it\\\/cookie-policy\\\/\",\"name\":\"Cookie Policy - Studio66online\",\"isPartOf\":{\"@id\":\"https:\\\/\\\/www.studio66online.it\\\/#website\"},\"datePublished\":\"2022-06-07T09:11:43+00:00\",\"dateModified\":\"2025-10-20T12:32:14+00:00\",\"breadcrumb\":{\"@id\":\"https:\\\/\\\/www.studio66online.it\\\/cookie-policy\\\/#breadcrumb\"},\"inLanguage\":\"fr-FR\",\"potentialAction\":[{\"@type\":\"ReadAction\",\"target\":[\"https:\\\/\\\/www.studio66online.it\\\/cookie-policy\\\/\"]}]},{\"@type\":\"BreadcrumbList\",\"@id\":\"https:\\\/\\\/www.studio66online.it\\\/cookie-policy\\\/#breadcrumb\",\"itemListElement\":[{\"@type\":\"ListItem\",\"position\":1,\"name\":\"Home\",\"item\":\"https:\\\/\\\/www.studio66online.it\\\/\"},{\"@type\":\"ListItem\",\"position\":2,\"name\":\"Cookie Policy\"}]},{\"@type\":\"WebSite\",\"@id\":\"https:\\\/\\\/www.studio66online.it\\\/#website\",\"url\":\"https:\\\/\\\/www.studio66online.it\\\/\",\"name\":\"Studio66online\",\"description\":\"Pergole bioclimatiche e Outdoor Design\",\"publisher\":{\"@id\":\"https:\\\/\\\/www.studio66online.it\\\/#organization\"},\"potentialAction\":[{\"@type\":\"SearchAction\",\"target\":{\"@type\":\"EntryPoint\",\"urlTemplate\":\"https:\\\/\\\/www.studio66online.it\\\/?s={search_term_string}\"},\"query-input\":{\"@type\":\"PropertyValueSpecification\",\"valueRequired\":true,\"valueName\":\"search_term_string\"}}],\"inLanguage\":\"fr-FR\"},{\"@type\":\"Organization\",\"@id\":\"https:\\\/\\\/www.studio66online.it\\\/#organization\",\"name\":\"Studio 66 online\",\"url\":\"https:\\\/\\\/www.studio66online.it\\\/\",\"logo\":{\"@type\":\"ImageObject\",\"inLanguage\":\"fr-FR\",\"@id\":\"https:\\\/\\\/www.studio66online.it\\\/#\\\/schema\\\/logo\\\/image\\\/\",\"url\":\"https:\\\/\\\/www.studio66online.it\\\/wp-content\\\/uploads\\\/2022\\\/08\\\/LOGO-STUDIO66-MD.png\",\"contentUrl\":\"https:\\\/\\\/www.studio66online.it\\\/wp-content\\\/uploads\\\/2022\\\/08\\\/LOGO-STUDIO66-MD.png\",\"width\":279,\"height\":97,\"caption\":\"Studio 66 online\"},\"image\":{\"@id\":\"https:\\\/\\\/www.studio66online.it\\\/#\\\/schema\\\/logo\\\/image\\\/\"},\"sameAs\":[\"https:\\\/\\\/www.facebook.com\\\/coperturebioclimaticheStudio66\",\"https:\\\/\\\/www.instagram.com\\\/studio66italia\\\/\",\"https:\\\/\\\/it.linkedin.com\\\/company\\\/studio66-srl\",\"https:\\\/\\\/www.pinterest.it\\\/sstudiosessantasei\\\/_created\\\/\"]}]}<\/script>\n<!-- \/ Yoast SEO plugin. -->","yoast_head_json":{"title":"Cookie Policy - Studio66online","robots":{"index":"noindex","follow":"nofollow"},"og_locale":"fr_FR","og_type":"article","og_title":"Cookie Policy - Studio66online","og_url":"https:\/\/www.studio66online.it\/fr\/cookie-policy\/","og_site_name":"Studio66online","article_publisher":"https:\/\/www.facebook.com\/coperturebioclimaticheStudio66","article_modified_time":"2025-10-20T12:32:14+00:00","twitter_card":"summary_large_image","twitter_misc":{"Dur\u00e9e de lecture estim\u00e9e":"4 minutes"},"schema":{"@context":"https:\/\/schema.org","@graph":[{"@type":"WebPage","@id":"https:\/\/www.studio66online.it\/cookie-policy\/","url":"https:\/\/www.studio66online.it\/cookie-policy\/","name":"Cookie Policy - Studio66online","isPartOf":{"@id":"https:\/\/www.studio66online.it\/#website"},"datePublished":"2022-06-07T09:11:43+00:00","dateModified":"2025-10-20T12:32:14+00:00","breadcrumb":{"@id":"https:\/\/www.studio66online.it\/cookie-policy\/#breadcrumb"},"inLanguage":"fr-FR","potentialAction":[{"@type":"ReadAction","target":["https:\/\/www.studio66online.it\/cookie-policy\/"]}]},{"@type":"BreadcrumbList","@id":"https:\/\/www.studio66online.it\/cookie-policy\/#breadcrumb","itemListElement":[{"@type":"ListItem","position":1,"name":"Home","item":"https:\/\/www.studio66online.it\/"},{"@type":"ListItem","position":2,"name":"Cookie Policy"}]},{"@type":"WebSite","@id":"https:\/\/www.studio66online.it\/#website","url":"https:\/\/www.studio66online.it\/","name":"Studio66online","description":"Pergole bioclimatiche e Outdoor Design","publisher":{"@id":"https:\/\/www.studio66online.it\/#organization"},"potentialAction":[{"@type":"SearchAction","target":{"@type":"EntryPoint","urlTemplate":"https:\/\/www.studio66online.it\/?s={search_term_string}"},"query-input":{"@type":"PropertyValueSpecification","valueRequired":true,"valueName":"search_term_string"}}],"inLanguage":"fr-FR"},{"@type":"Organization","@id":"https:\/\/www.studio66online.it\/#organization","name":"Studio 66 online","url":"https:\/\/www.studio66online.it\/","logo":{"@type":"ImageObject","inLanguage":"fr-FR","@id":"https:\/\/www.studio66online.it\/#\/schema\/logo\/image\/","url":"https:\/\/www.studio66online.it\/wp-content\/uploads\/2022\/08\/LOGO-STUDIO66-MD.png","contentUrl":"https:\/\/www.studio66online.it\/wp-content\/uploads\/2022\/08\/LOGO-STUDIO66-MD.png","width":279,"height":97,"caption":"Studio 66 online"},"image":{"@id":"https:\/\/www.studio66online.it\/#\/schema\/logo\/image\/"},"sameAs":["https:\/\/www.facebook.com\/coperturebioclimaticheStudio66","https:\/\/www.instagram.com\/studio66italia\/","https:\/\/it.linkedin.com\/company\/studio66-srl","https:\/\/www.pinterest.it\/sstudiosessantasei\/_created\/"]}]}},"_links":{"self":[{"href":"https:\/\/www.studio66online.it\/fr\/wp-json\/wp\/v2\/pages\/3679","targetHints":{"allow":["GET"]}}],"collection":[{"href":"https:\/\/www.studio66online.it\/fr\/wp-json\/wp\/v2\/pages"}],"about":[{"href":"https:\/\/www.studio66online.it\/fr\/wp-json\/wp\/v2\/types\/page"}],"author":[{"embeddable":true,"href":"https:\/\/www.studio66online.it\/fr\/wp-json\/wp\/v2\/users\/2"}],"replies":[{"embeddable":true,"href":"https:\/\/www.studio66online.it\/fr\/wp-json\/wp\/v2\/comments?post=3679"}],"version-history":[{"count":3,"href":"https:\/\/www.studio66online.it\/fr\/wp-json\/wp\/v2\/pages\/3679\/revisions"}],"predecessor-version":[{"id":33938,"href":"https:\/\/www.studio66online.it\/fr\/wp-json\/wp\/v2\/pages\/3679\/revisions\/33938"}],"wp:attachment":[{"href":"https:\/\/www.studio66online.it\/fr\/wp-json\/wp\/v2\/media?parent=3679"}],"curies":[{"name":"wp","href":"https:\/\/api.w.org\/{rel}","templated":true}]}}